{"id":82,"date":"2019-05-03T16:38:02","date_gmt":"2019-05-03T14:38:02","guid":{"rendered":"https:\/\/madeorganisation.com\/?page_id=82"},"modified":"2026-04-12T12:37:54","modified_gmt":"2026-04-12T10:37:54","slug":"mentions-legales","status":"publish","type":"page","link":"https:\/\/madeorganisation.com\/en\/mentions-legales\/","title":{"rendered":"Terms of use"},"content":{"rendered":"<div data-elementor-type=\"wp-page\" data-elementor-id=\"82\" class=\"elementor elementor-82\" data-elementor-post-type=\"page\">\n\t\t\t\t<div class=\"elementor-element elementor-element-ca5ae47 e-flex e-con-boxed e-con e-parent\" data-id=\"ca5ae47\" data-element_type=\"container\" data-e-type=\"container\">\n\t\t\t\t\t<div class=\"e-con-inner\">\n\t\t\t\t<div class=\"elementor-element elementor-element-1e94def elementor-widget elementor-widget-heading\" data-id=\"1e94def\" data-element_type=\"widget\" data-e-type=\"widget\" data-widget_type=\"heading.default\">\n\t\t\t\t<div class=\"elementor-widget-container\">\n\t\t\t\t\t<h2 class=\"elementor-heading-title elementor-size-default\">LEGAL INFORMATION<\/h2>\t\t\t\t<\/div>\n\t\t\t\t<\/div>\n\t\t\t\t<div class=\"elementor-element elementor-element-5c1f905 elementor-widget-divider--view-line elementor-widget elementor-widget-divider\" data-id=\"5c1f905\" data-element_type=\"widget\" data-e-type=\"widget\" data-widget_type=\"divider.default\">\n\t\t\t\t<div class=\"elementor-widget-container\">\n\t\t\t\t\t\t\t<div class=\"elementor-divider\">\n\t\t\t<span class=\"elementor-divider-separator\">\n\t\t\t\t\t\t<\/span>\n\t\t<\/div>\n\t\t\t\t\t\t<\/div>\n\t\t\t\t<\/div>\n\t\t\t\t\t<\/div>\n\t\t\t\t<\/div>\n\t\t<div class=\"elementor-element elementor-element-2bbc4e2 e-flex e-con-boxed e-con e-parent\" data-id=\"2bbc4e2\" data-element_type=\"container\" data-e-type=\"container\">\n\t\t\t\t\t<div class=\"e-con-inner\">\n\t\t\t\t<div class=\"elementor-element elementor-element-db21f0d elementor-widget elementor-widget-text-editor\" data-id=\"db21f0d\" data-element_type=\"widget\" data-e-type=\"widget\" data-widget_type=\"text-editor.default\">\n\t\t\t\t<div class=\"elementor-widget-container\">\n\t\t\t\t\t\t\t\t\t<p><strong>Sole proprietorship Made Organisation<br \/><\/strong><br \/>Founder and Managing Director : Manon Delauney<br \/>N\u00b0Siren : 921 723 227 00010<\/p><p>In accordance with Article 6 of French Law 2004-575 of June 21, 2004 on confidence in the information society<br \/>l'\u00e9conomie num\u00e9rique (LCEN), are mentioned to users of the \"madeorganisation.com\" website,<br \/>the identity of those involved in the creation and maintenance of this website.<\/p><p>The madeorganisation.com website is edited by Ms Manon Delauney.<\/p><p><strong>Credits :<\/strong><\/p><p>Photographers:<br \/>Thuriane Renaud : Thuriane Photography<br \/>Blondie Confettis: http:\/\/blondieconfettis.com<br \/>Camille Brignol: https:\/\/camillebrignol.fr<br \/>Cleya Asulon: https:\/\/www.cleyaasulon.com<br \/>Mya Photography: https:\/\/www.myaphotography.fr<br \/>Elsa Caza: http:\/\/elsacaza.com<br \/>Julie Hardiagon: https:\/\/www.hardiagon-mariage.com\/copie-de-info<br \/>Ariane Duplaceau: https:\/\/www.arianeduplaceau.com<br \/>Laurene Quiros: https:\/\/laurenequiros.com<\/p><p><strong>Accommodation :<br \/><\/strong><br \/>The madeorganisation.com website is hosted by OVH.<br \/>SAS OVH<br \/>2, rue Kellermann<br \/>BP 80157<br \/>59100 Roubaix<\/p><p>\u00a0<\/p><p><strong>Web Design<\/strong><\/p><p>The site was created by Ma\u00ebliss Demaison, from the agency Bonjour Ma\u00e9<br \/><a href=\"http:\/\/www.bonjourmae.com\">www.bonjourmae.com<\/a><\/p><p><strong>Reuse rights :<br \/><\/strong><br \/>The site \"madeorganisation.com\" including but not limited to all texts, images,<br \/>photographs, videograms, logos, pictograms, illustrations, menus, scripts and the like<br \/>are, unless otherwise stated, the exclusive property of Made Organisation. <br \/>Please do not hesitate to contact me if you have any questions.<\/p>\t\t\t\t\t\t\t\t<\/div>\n\t\t\t\t<\/div>\n\t\t\t\t\t<\/div>\n\t\t\t\t<\/div>\n\t\t\t\t<\/div>\n\t\t<p><a href=\"\/\/www.pinterest.com\/pin\/create\/button\/\" data-pin-do=\"buttonBookmark\" data-pin-color=\"red\" data-pin-height=\"128\"><img decoding=\"async\" src=\"\/\/assets.pinterest.com\/images\/pidgets\/pinit_fg_en_rect_red_28.png\" \/><\/a><\/p>","protected":false},"excerpt":{"rendered":"<p>MENTIONS L\u00c9GALES Entreprise individuelle Made OrganisationFondatrice et G\u00e9rante : Manon DelauneyN\u00b0Siren : 921 723 227 00010 Conform\u00e9ment \u00e0 l\u2019article 6 de la Loi N\u00b0 2004-575 du 21 juin 2004 pour la confiance dansl\u2019\u00e9conomie num\u00e9rique (LCEN), sont mentionn\u00e9es aux utilisateurs du site \u201cmadeorganisation.com\u201d,l\u2019identit\u00e9 des intervenants sur la r\u00e9alisation et le suivi du pr\u00e9sent site web. Le [&hellip;]<\/p>\n","protected":false},"author":1,"featured_media":0,"parent":0,"menu_order":0,"comment_status":"closed","ping_status":"closed","template":"","meta":{"footnotes":""},"class_list":["post-82","page","type-page","status-publish","hentry"],"_links":{"self":[{"href":"https:\/\/madeorganisation.com\/en\/wp-json\/wp\/v2\/pages\/82","targetHints":{"allow":["GET"]}}],"collection":[{"href":"https:\/\/madeorganisation.com\/en\/wp-json\/wp\/v2\/pages"}],"about":[{"href":"https:\/\/madeorganisation.com\/en\/wp-json\/wp\/v2\/types\/page"}],"author":[{"embeddable":true,"href":"https:\/\/madeorganisation.com\/en\/wp-json\/wp\/v2\/users\/1"}],"replies":[{"embeddable":true,"href":"https:\/\/madeorganisation.com\/en\/wp-json\/wp\/v2\/comments?post=82"}],"version-history":[{"count":30,"href":"https:\/\/madeorganisation.com\/en\/wp-json\/wp\/v2\/pages\/82\/revisions"}],"predecessor-version":[{"id":30685,"href":"https:\/\/madeorganisation.com\/en\/wp-json\/wp\/v2\/pages\/82\/revisions\/30685"}],"wp:attachment":[{"href":"https:\/\/madeorganisation.com\/en\/wp-json\/wp\/v2\/media?parent=82"}],"curies":[{"name":"wp","href":"https:\/\/api.w.org\/{rel}","templated":true}]}}