{"id":61,"date":"2019-05-03T16:06:29","date_gmt":"2019-05-03T14:06:29","guid":{"rendered":"https:\/\/madeorganisation.com\/?page_id=61"},"modified":"2026-04-15T14:01:59","modified_gmt":"2026-04-15T12:01:59","slug":"made-organisation-manon-delauney","status":"publish","type":"page","link":"https:\/\/madeorganisation.com\/en\/made-organisation-manon-delauney\/","title":{"rendered":"About us - Made Organisation by Manon Delauney"},"content":{"rendered":"<div data-elementor-type=\"wp-page\" data-elementor-id=\"61\" class=\"elementor elementor-61\" data-elementor-post-type=\"page\">\n\t\t\t\t<div class=\"elementor-element elementor-element-e2b5f55 e-flex e-con-boxed e-con e-parent\" data-id=\"e2b5f55\" data-element_type=\"container\" data-e-type=\"container\">\n\t\t\t\t\t<div class=\"e-con-inner\">\n\t\t<div class=\"elementor-element elementor-element-e01e497 e-con-full e-flex e-con e-child\" data-id=\"e01e497\" data-element_type=\"container\" data-e-type=\"container\">\n\t\t\t\t<div class=\"elementor-element elementor-element-48045e2 elementor-widget elementor-widget-heading\" data-id=\"48045e2\" data-element_type=\"widget\" data-e-type=\"widget\" data-widget_type=\"heading.default\">\n\t\t\t\t<div class=\"elementor-widget-container\">\n\t\t\t\t\t<h1 class=\"elementor-heading-title elementor-size-default\">About us<\/h1>\t\t\t\t<\/div>\n\t\t\t\t<\/div>\n\t\t\t\t<div class=\"elementor-element elementor-element-43c9957 elementor-widget-tablet__width-inherit elementor-widget-mobile__width-inherit elementor-widget elementor-widget-text-editor\" data-id=\"43c9957\" data-element_type=\"widget\" data-e-type=\"widget\" data-widget_type=\"text-editor.default\">\n\t\t\t\t<div class=\"elementor-widget-container\">\n\t\t\t\t\t\t\t\t\t<p><span style=\"font-weight: 400;\">I am Manon, founder of MADE, a wedding creation and planning studio based in Bordeaux.<\/span><\/p><p><span style=\"font-weight: 400;\">Through MADE, I accompany couples from all over the world in the design of elegant celebrations in France, where artistic direction, attention to detail, and organization come together to bring unique experiences to life.<\/span><\/p>\t\t\t\t\t\t\t\t<\/div>\n\t\t\t\t<\/div>\n\t\t\t\t<\/div>\n\t\t<div class=\"elementor-element elementor-element-10ceeeb e-con-full e-flex e-con e-child\" data-id=\"10ceeeb\" data-element_type=\"container\" data-e-type=\"container\">\n\t\t\t\t<div class=\"elementor-element elementor-element-55f3ebb elementor-widget elementor-widget-image\" data-id=\"55f3ebb\" data-element_type=\"widget\" data-e-type=\"widget\" data-widget_type=\"image.default\">\n\t\t\t\t<div class=\"elementor-widget-container\">\n\t\t\t\t\t\t\t\t\t\t\t\t\t\t\t<img decoding=\"async\" src=\"https:\/\/madeorganisation.com\/wp-content\/uploads\/elementor\/thumbs\/DSCF4105-2-rlw5zagjonkg71nitwsh1160rcfstxf58zr9rkm674.jpeg\" title=\"Marie &amp; Michael\" alt=\"Marie &amp; Micha\u00ebl\" loading=\"lazy\" \/>\t\t\t\t\t\t\t\t\t\t\t\t\t\t\t<\/div>\n\t\t\t\t<\/div>\n\t\t\t\t<\/div>\n\t\t\t\t\t<\/div>\n\t\t\t\t<\/div>\n\t\t<div class=\"elementor-element elementor-element-b755609 e-flex e-con-boxed e-con e-parent\" data-id=\"b755609\" data-element_type=\"container\" data-e-type=\"container\" data-settings=\"{&quot;background_background&quot;:&quot;classic&quot;}\">\n\t\t\t\t\t<div class=\"e-con-inner\">\n\t\t\t\t<div class=\"elementor-element elementor-element-a38afc7 elementor-widget elementor-widget-text-editor\" data-id=\"a38afc7\" data-element_type=\"widget\" data-e-type=\"widget\" data-widget_type=\"text-editor.default\">\n\t\t\t\t<div class=\"elementor-widget-container\">\n\t\t\t\t\t\t\t\t\t<p><span style=\"font-weight: 400;\">Before creating MADE, I spent several years working in the hotel and restaurant industry.<br \/><\/span><span style=\"font-weight: 400;\">This experience allowed me to <strong>Develop a deep sense of service, hospitality, and attention to detail.<\/strong><br \/><\/span><span style=\"font-weight: 400;\">It also shaped how I work today: with high standards, precision, and a constant desire <strong>create memorable moments.<\/strong><\/span><\/p>\t\t\t\t\t\t\t\t<\/div>\n\t\t\t\t<\/div>\n\t\t\t\t\t<\/div>\n\t\t\t\t<\/div>\n\t\t<div class=\"elementor-element elementor-element-4ff5d96 e-flex e-con-boxed e-con e-parent\" data-id=\"4ff5d96\" data-element_type=\"container\" data-e-type=\"container\" data-settings=\"{&quot;background_background&quot;:&quot;classic&quot;}\">\n\t\t\t\t\t<div class=\"e-con-inner\">\n\t\t<div class=\"elementor-element elementor-element-65757fe e-con-full e-flex e-con e-child\" data-id=\"65757fe\" data-element_type=\"container\" data-e-type=\"container\">\n\t\t\t\t<div class=\"elementor-element elementor-element-4c66f96 elementor-widget elementor-widget-heading\" data-id=\"4c66f96\" data-element_type=\"widget\" data-e-type=\"widget\" data-widget_type=\"heading.default\">\n\t\t\t\t<div class=\"elementor-widget-container\">\n\t\t\t\t\t<h2 class=\"elementor-heading-title elementor-size-default\">The vision behind MADE:<\/h2>\t\t\t\t<\/div>\n\t\t\t\t<\/div>\n\t\t\t\t<div class=\"elementor-element elementor-element-f1f63bc elementor-widget-tablet__width-inherit elementor-widget-mobile__width-inherit elementor-widget elementor-widget-text-editor\" data-id=\"f1f63bc\" data-element_type=\"widget\" data-e-type=\"widget\" data-widget_type=\"text-editor.default\">\n\t\t\t\t<div class=\"elementor-widget-container\">\n\t\t\t\t\t\t\t\t\t<p><span style=\"font-weight: 400;\">MADE was born from the desire to create celebrations that tell a story.<\/span><\/p><p><span style=\"font-weight: 400;\">Each project is conceived as an aesthetic and sensory experience, where art direction and organization come together to bring a unique moment to life.<\/span><\/p>\t\t\t\t\t\t\t\t<\/div>\n\t\t\t\t<\/div>\n\t\t\t\t<div class=\"elementor-element elementor-element-2a3aec4 elementor-widget elementor-widget-heading\" data-id=\"2a3aec4\" data-element_type=\"widget\" data-e-type=\"widget\" data-widget_type=\"heading.default\">\n\t\t\t\t<div class=\"elementor-widget-container\">\n\t\t\t\t\t<h2 class=\"elementor-heading-title elementor-size-default\">My approach:<\/h2>\t\t\t\t<\/div>\n\t\t\t\t<\/div>\n\t\t\t\t<div class=\"elementor-element elementor-element-35f02f5 elementor-widget-tablet__width-inherit elementor-widget-mobile__width-inherit elementor-widget elementor-widget-text-editor\" data-id=\"35f02f5\" data-element_type=\"widget\" data-e-type=\"widget\" data-widget_type=\"text-editor.default\">\n\t\t\t\t<div class=\"elementor-widget-container\">\n\t\t\t\t\t\t\t\t\t<p><span style=\"font-weight: 400;\">My work balances creativity and organization.<\/span><\/p><p><span style=\"font-weight: 400;\">As a wedding designer, I envision the aesthetic universe for your wedding: the colors, textures, flowers, volumes, and atmosphere that will give your celebration a strong identity.<\/span><\/p><p><span style=\"font-weight: 400;\">As a wedding planner, I guide you through every step of the organization to bring this vision to life smoothly and serenely.<\/span><\/p><p><em><strong>The goal is to create a wedding that is harmonious, perfectly orchestrated, and true to your story.<\/strong><\/em><\/p>\t\t\t\t\t\t\t\t<\/div>\n\t\t\t\t<\/div>\n\t\t\t\t<div class=\"elementor-element elementor-element-45bdfa7 elementor-hidden-mobile elementor-widget elementor-widget-button\" data-id=\"45bdfa7\" data-element_type=\"widget\" data-e-type=\"widget\" data-widget_type=\"button.default\">\n\t\t\t\t<div class=\"elementor-widget-container\">\n\t\t\t\t\t\t\t\t\t<div class=\"elementor-button-wrapper\">\n\t\t\t\t\t<a class=\"elementor-button elementor-button-link elementor-size-sm\" href=\"https:\/\/madeorganisation.com\/en\/nos-prestations-wedding-et-event-planner-a-bordeaux\/\">\n\t\t\t\t\t\t<span class=\"elementor-button-content-wrapper\">\n\t\t\t\t\t\t\t\t\t<span class=\"elementor-button-text\">Our services<\/span>\n\t\t\t\t\t<\/span>\n\t\t\t\t\t<\/a>\n\t\t\t\t<\/div>\n\t\t\t\t\t\t\t\t<\/div>\n\t\t\t\t<\/div>\n\t\t\t\t<\/div>\n\t\t<div class=\"elementor-element elementor-element-d38d863 e-con-full e-flex e-con e-child\" data-id=\"d38d863\" data-element_type=\"container\" data-e-type=\"container\">\n\t\t\t\t<div class=\"elementor-element elementor-element-b9db338 elementor-widget elementor-widget-image\" data-id=\"b9db338\" data-element_type=\"widget\" data-e-type=\"widget\" data-widget_type=\"image.default\">\n\t\t\t\t<div class=\"elementor-widget-container\">\n\t\t\t\t\t\t\t\t\t\t\t\t\t\t\t<img fetchpriority=\"high\" decoding=\"async\" width=\"1067\" height=\"1600\" src=\"https:\/\/madeorganisation.com\/wp-content\/uploads\/2026\/04\/DSCF0007-2.jpeg\" class=\"attachment-full size-full wp-image-30662\" alt=\"\" srcset=\"https:\/\/madeorganisation.com\/wp-content\/uploads\/2026\/04\/DSCF0007-2.jpeg 1067w, https:\/\/madeorganisation.com\/wp-content\/uploads\/2026\/04\/DSCF0007-2-200x300.jpeg 200w, https:\/\/madeorganisation.com\/wp-content\/uploads\/2026\/04\/DSCF0007-2-683x1024.jpeg 683w, https:\/\/madeorganisation.com\/wp-content\/uploads\/2026\/04\/DSCF0007-2-768x1152.jpeg 768w, https:\/\/madeorganisation.com\/wp-content\/uploads\/2026\/04\/DSCF0007-2-1024x1536.jpeg 1024w, https:\/\/madeorganisation.com\/wp-content\/uploads\/2026\/04\/DSCF0007-2-8x12.jpeg 8w\" sizes=\"(max-width: 1067px) 100vw, 1067px\" \/>\t\t\t\t\t\t\t\t\t\t\t\t\t\t\t<\/div>\n\t\t\t\t<\/div>\n\t\t\t\t<\/div>\n\t\t\t\t\t<\/div>\n\t\t\t\t<\/div>\n\t\t<div class=\"elementor-element elementor-element-1ec9ce3 e-flex e-con-boxed e-con e-parent\" data-id=\"1ec9ce3\" data-element_type=\"container\" data-e-type=\"container\">\n\t\t\t\t\t<div class=\"e-con-inner\">\n\t\t\t\t<div class=\"elementor-element elementor-element-13a89a8 elementor-widget elementor-widget-text-editor\" data-id=\"13a89a8\" data-element_type=\"widget\" data-e-type=\"widget\" data-widget_type=\"text-editor.default\">\n\t\t\t\t<div class=\"elementor-widget-container\">\n\t\t\t\t\t\t\t\t\t<p><span style=\"font-weight: 400;\">Through MADE, I imagine and orchestrate authentic, modern, and colorful weddings, designed with meaning and emotion.<\/span><\/p>\t\t\t\t\t\t\t\t<\/div>\n\t\t\t\t<\/div>\n\t\t\t\t\t<\/div>\n\t\t\t\t<\/div>\n\t\t<div class=\"elementor-element elementor-element-3d48858 e-flex e-con-boxed e-con e-parent\" data-id=\"3d48858\" data-element_type=\"container\" data-e-type=\"container\">\n\t\t\t\t\t<div class=\"e-con-inner\">\n\t\t<div class=\"elementor-element elementor-element-6aeb59b e-con-full e-flex e-con e-child\" data-id=\"6aeb59b\" data-element_type=\"container\" data-e-type=\"container\">\n\t\t\t\t<div class=\"elementor-element elementor-element-cc42fbc elementor-align-justify elementor-invisible elementor-widget elementor-widget-button\" data-id=\"cc42fbc\" data-element_type=\"widget\" data-e-type=\"widget\" data-settings=\"{&quot;_animation&quot;:&quot;fadeIn&quot;,&quot;_animation_delay&quot;:700}\" data-widget_type=\"button.default\">\n\t\t\t\t<div class=\"elementor-widget-container\">\n\t\t\t\t\t\t\t\t\t<div class=\"elementor-button-wrapper\">\n\t\t\t\t\t<a class=\"elementor-button elementor-size-sm\" role=\"button\">\n\t\t\t\t\t\t<span class=\"elementor-button-content-wrapper\">\n\t\t\t\t\t\t\t\t\t<span class=\"elementor-button-text\">Design<\/span>\n\t\t\t\t\t<\/span>\n\t\t\t\t\t<\/a>\n\t\t\t\t<\/div>\n\t\t\t\t\t\t\t\t<\/div>\n\t\t\t\t<\/div>\n\t\t\t\t<\/div>\n\t\t<div class=\"elementor-element elementor-element-70115c8 e-con-full e-flex e-con e-child\" data-id=\"70115c8\" data-element_type=\"container\" data-e-type=\"container\">\n\t\t\t\t<div class=\"elementor-element elementor-element-37b6a89 elementor-align-justify elementor-invisible elementor-widget elementor-widget-button\" data-id=\"37b6a89\" data-element_type=\"widget\" data-e-type=\"widget\" data-settings=\"{&quot;_animation&quot;:&quot;fadeIn&quot;,&quot;_animation_delay&quot;:700}\" data-widget_type=\"button.default\">\n\t\t\t\t<div class=\"elementor-widget-container\">\n\t\t\t\t\t\t\t\t\t<div class=\"elementor-button-wrapper\">\n\t\t\t\t\t<a class=\"elementor-button elementor-button-link elementor-size-sm\" href=\"https:\/\/madeorganisation.com\/en\/made-organisation-manon-delauney\/\">\n\t\t\t\t\t\t<span class=\"elementor-button-content-wrapper\">\n\t\t\t\t\t\t\t\t\t<span class=\"elementor-button-text\">Planning<\/span>\n\t\t\t\t\t<\/span>\n\t\t\t\t\t<\/a>\n\t\t\t\t<\/div>\n\t\t\t\t\t\t\t\t<\/div>\n\t\t\t\t<\/div>\n\t\t\t\t<\/div>\n\t\t<div class=\"elementor-element elementor-element-2db88b4 e-con-full e-flex e-con e-child\" data-id=\"2db88b4\" data-element_type=\"container\" data-e-type=\"container\">\n\t\t\t\t<div class=\"elementor-element elementor-element-7a2e04e elementor-align-justify elementor-invisible elementor-widget elementor-widget-button\" data-id=\"7a2e04e\" data-element_type=\"widget\" data-e-type=\"widget\" data-settings=\"{&quot;_animation&quot;:&quot;fadeIn&quot;,&quot;_animation_delay&quot;:700}\" data-widget_type=\"button.default\">\n\t\t\t\t<div class=\"elementor-widget-container\">\n\t\t\t\t\t\t\t\t\t<div class=\"elementor-button-wrapper\">\n\t\t\t\t\t<a class=\"elementor-button elementor-button-link elementor-size-sm\" href=\"https:\/\/madeorganisation.com\/en\/made-organisation-manon-delauney\/\">\n\t\t\t\t\t\t<span class=\"elementor-button-content-wrapper\">\n\t\t\t\t\t\t\t\t\t<span class=\"elementor-button-text\">Creative studio<\/span>\n\t\t\t\t\t<\/span>\n\t\t\t\t\t<\/a>\n\t\t\t\t<\/div>\n\t\t\t\t\t\t\t\t<\/div>\n\t\t\t\t<\/div>\n\t\t\t\t<\/div>\n\t\t\t\t\t<\/div>\n\t\t\t\t<\/div>\n\t\t<div class=\"elementor-element elementor-element-c14d1ec e-con-full e-flex e-con e-parent\" data-id=\"c14d1ec\" data-element_type=\"container\" data-e-type=\"container\">\n\t\t\t\t<div class=\"elementor-element elementor-element-6eb87b0 elementor-cta--skin-cover elementor-cta--valign-middle elementor-animated-content elementor-bg-transform elementor-bg-transform-zoom-in elementor-widget elementor-widget-call-to-action\" data-id=\"6eb87b0\" data-element_type=\"widget\" data-e-type=\"widget\" data-widget_type=\"call-to-action.default\">\n\t\t\t\t<div class=\"elementor-widget-container\">\n\t\t\t\t\t\t\t<a class=\"elementor-cta\" href=\"https:\/\/madeorganisation.com\/en\/portfolio-wedding-planner\/\">\n\t\t\t\t\t<div class=\"elementor-cta__bg-wrapper\">\n\t\t\t\t<div class=\"elementor-cta__bg elementor-bg\" style=\"background-image: url(https:\/\/madeorganisation.com\/wp-content\/uploads\/2026\/04\/mariage-manon-alexandre-02082025-blondieconfettis-960.jpeg);\" role=\"img\" aria-label=\"mariage-manon-alexandre-02082025-blondieconfettis-960\"><\/div>\n\t\t\t\t<div class=\"elementor-cta__bg-overlay\"><\/div>\n\t\t\t<\/div>\n\t\t\t\t\t\t\t<div class=\"elementor-cta__content\">\n\t\t\t\t\n\t\t\t\t\t\t\t\t\t<h2 class=\"elementor-cta__title elementor-cta__content-item elementor-content-item elementor-animated-item--grow\">\n\t\t\t\t\t\tDiscover our portfolio\t\t\t\t\t<\/h2>\n\t\t\t\t\n\t\t\t\t\n\t\t\t\t\t\t\t\t\t<div class=\"elementor-cta__button-wrapper elementor-cta__content-item elementor-content-item elementor-animated-item--grow\">\n\t\t\t\t\t<span class=\"elementor-cta__button elementor-button elementor-size-\">\n\t\t\t\t\t\tClick here\t\t\t\t\t<\/span>\n\t\t\t\t\t<\/div>\n\t\t\t\t\t\t\t<\/div>\n\t\t\t\t\t\t<\/a>\n\t\t\t\t\t\t<\/div>\n\t\t\t\t<\/div>\n\t\t\t\t<\/div>\n\t\t\t\t<\/div>\n\t\t<p><a href=\"\/\/www.pinterest.com\/pin\/create\/button\/\" data-pin-do=\"buttonBookmark\" data-pin-color=\"red\" data-pin-height=\"128\"><img decoding=\"async\" src=\"\/\/assets.pinterest.com\/images\/pidgets\/pinit_fg_en_rect_red_28.png\" \/><\/a><\/p>","protected":false},"excerpt":{"rendered":"<p>\u00c0 propos Je suis Manon, fondatrice de MADE, un studio de cr\u00e9ation et d\u2019organisation de mariages bas\u00e9 \u00e0 Bordeaux. \u00c0 travers MADE, j\u2019accompagne des couples venus du monde entier dans la conception de c\u00e9l\u00e9brations \u00e9l\u00e9gantes en France, o\u00f9 direction artistique, sens du d\u00e9tail et organisation se rencontrent pour donner vie \u00e0 des exp\u00e9riences uniques. Avant [&hellip;]<\/p>\n","protected":false},"author":1,"featured_media":0,"parent":0,"menu_order":0,"comment_status":"closed","ping_status":"closed","template":"","meta":{"footnotes":""},"class_list":["post-61","page","type-page","status-publish","hentry"],"_links":{"self":[{"href":"https:\/\/madeorganisation.com\/en\/wp-json\/wp\/v2\/pages\/61","targetHints":{"allow":["GET"]}}],"collection":[{"href":"https:\/\/madeorganisation.com\/en\/wp-json\/wp\/v2\/pages"}],"about":[{"href":"https:\/\/madeorganisation.com\/en\/wp-json\/wp\/v2\/types\/page"}],"author":[{"embeddable":true,"href":"https:\/\/madeorganisation.com\/en\/wp-json\/wp\/v2\/users\/1"}],"replies":[{"embeddable":true,"href":"https:\/\/madeorganisation.com\/en\/wp-json\/wp\/v2\/comments?post=61"}],"version-history":[{"count":42,"href":"https:\/\/madeorganisation.com\/en\/wp-json\/wp\/v2\/pages\/61\/revisions"}],"predecessor-version":[{"id":30821,"href":"https:\/\/madeorganisation.com\/en\/wp-json\/wp\/v2\/pages\/61\/revisions\/30821"}],"wp:attachment":[{"href":"https:\/\/madeorganisation.com\/en\/wp-json\/wp\/v2\/media?parent=61"}],"curies":[{"name":"wp","href":"https:\/\/api.w.org\/{rel}","templated":true}]}}