{"id":30716,"date":"2026-04-12T16:42:29","date_gmt":"2026-04-12T14:42:29","guid":{"rendered":"https:\/\/madeorganisation.com\/?page_id=30716"},"modified":"2026-04-15T13:50:49","modified_gmt":"2026-04-15T11:50:49","slug":"wedding-planner-bordeaux-creative-studio","status":"publish","type":"page","link":"https:\/\/madeorganisation.com\/en\/wedding-planner-bordeaux-creative-studio\/","title":{"rendered":"Wedding Planner Bordeaux &#8211; Creative Studio"},"content":{"rendered":"<div data-elementor-type=\"wp-page\" data-elementor-id=\"30716\" class=\"elementor elementor-30716\" data-elementor-post-type=\"page\">\n\t\t\t\t<div class=\"elementor-element elementor-element-2a5ac63 e-flex e-con-boxed e-con e-parent\" data-id=\"2a5ac63\" data-element_type=\"container\" data-e-type=\"container\" data-settings=\"{&quot;background_background&quot;:&quot;classic&quot;}\">\n\t\t\t\t\t<div class=\"e-con-inner\">\n\t\t\t\t<div class=\"elementor-element elementor-element-b4e3476 elementor-widget elementor-widget-heading\" data-id=\"b4e3476\" data-element_type=\"widget\" data-e-type=\"widget\" data-widget_type=\"heading.default\">\n\t\t\t\t<div class=\"elementor-widget-container\">\n\t\t\t\t\t<h1 class=\"elementor-heading-title elementor-size-default\">Cr\u00e9ative Studio<\/h1>\t\t\t\t<\/div>\n\t\t\t\t<\/div>\n\t\t\t\t<div class=\"elementor-element elementor-element-a2a4856 elementor-widget__width-initial elementor-widget-tablet__width-inherit elementor-widget-mobile__width-inherit elementor-widget elementor-widget-text-editor\" data-id=\"a2a4856\" data-element_type=\"widget\" data-e-type=\"widget\" data-widget_type=\"text-editor.default\">\n\t\t\t\t<div class=\"elementor-widget-container\">\n\t\t\t\t\t\t\t\t\t<p><strong>Le studio cr\u00e9atif de MADE imagine et con\u00e7oit des \u00e9l\u00e9ments personnalis\u00e9s qui viennent compl\u00e9ter l\u2019univers esth\u00e9tique de votre \u00e9v\u00e9nement. Chaque cr\u00e9ation est pens\u00e9e comme une extension naturelle de la direction artistique imagin\u00e9e pour votre mariage, afin d\u2019apporter coh\u00e9rence, harmonie et sens du d\u00e9tail.<\/strong><\/p>\t\t\t\t\t\t\t\t<\/div>\n\t\t\t\t<\/div>\n\t\t\t\t\t<\/div>\n\t\t\t\t<\/div>\n\t\t<div class=\"elementor-element elementor-element-c552548 e-flex e-con-boxed e-con e-parent\" data-id=\"c552548\" data-element_type=\"container\" data-e-type=\"container\">\n\t\t\t\t\t<div class=\"e-con-inner\">\n\t\t\t\t<div class=\"elementor-element elementor-element-5eff894 elementor-widget elementor-widget-heading\" data-id=\"5eff894\" data-element_type=\"widget\" data-e-type=\"widget\" data-widget_type=\"heading.default\">\n\t\t\t\t<div class=\"elementor-widget-container\">\n\t\t\t\t\t<h2 class=\"elementor-heading-title elementor-size-default\">Notre approche cr\u00e9ative<\/h2>\t\t\t\t<\/div>\n\t\t\t\t<\/div>\n\t\t\t\t<div class=\"elementor-element elementor-element-58ed8cb elementor-widget elementor-widget-text-editor\" data-id=\"58ed8cb\" data-element_type=\"widget\" data-e-type=\"widget\" data-widget_type=\"text-editor.default\">\n\t\t\t\t<div class=\"elementor-widget-container\">\n\t\t\t\t\t\t\t\t\t<p><span style=\"font-weight: 400;\">La cr\u00e9ation occupe une place essentielle dans chaque projet imagin\u00e9 par MADE.<\/span><\/p><p><span style=\"font-weight: 400;\">Papeterie, signal\u00e9tique, menus ou plan de table : ces \u00e9l\u00e9ments participent \u00e0 raconter une histoire et \u00e0 renforcer l\u2019identit\u00e9 visuelle de votre mariage.<\/span><\/p><p><span style=\"font-weight: 400;\">Chaque pi\u00e8ce est imagin\u00e9e avec soin afin de s\u2019int\u00e9grer harmonieusement \u00e0 l\u2019univers esth\u00e9tique du projet.<\/span><\/p>\t\t\t\t\t\t\t\t<\/div>\n\t\t\t\t<\/div>\n\t\t\t\t\t<\/div>\n\t\t\t\t<\/div>\n\t\t<div class=\"elementor-element elementor-element-1256be5 e-flex e-con-boxed e-con e-parent\" data-id=\"1256be5\" data-element_type=\"container\" data-e-type=\"container\">\n\t\t\t\t\t<div class=\"e-con-inner\">\n\t\t<div class=\"elementor-element elementor-element-6adc15a e-con-full e-flex e-con e-child\" data-id=\"6adc15a\" data-element_type=\"container\" data-e-type=\"container\">\n\t\t\t\t<div class=\"elementor-element elementor-element-0545ec5 elementor-widget elementor-widget-heading\" data-id=\"0545ec5\" data-element_type=\"widget\" data-e-type=\"widget\" data-widget_type=\"heading.default\">\n\t\t\t\t<div class=\"elementor-widget-container\">\n\t\t\t\t\t<h2 class=\"elementor-heading-title elementor-size-default\">Les cr\u00e9ations du Creative Studio<\/h2>\t\t\t\t<\/div>\n\t\t\t\t<\/div>\n\t\t\t\t<div class=\"elementor-element elementor-element-ac7d2b8 elementor-widget-tablet__width-inherit elementor-widget-mobile__width-inherit elementor-widget elementor-widget-text-editor\" data-id=\"ac7d2b8\" data-element_type=\"widget\" data-e-type=\"widget\" data-widget_type=\"text-editor.default\">\n\t\t\t\t<div class=\"elementor-widget-container\">\n\t\t\t\t\t\t\t\t\t<ul><li><span style=\"font-weight: 400;\">papeterie personnalis\u00e9e<\/span><\/li><li><span style=\"font-weight: 400;\">conception de signal\u00e9tique<\/span><\/li><li><span style=\"font-weight: 400;\">menus et \u00e9l\u00e9ments de table<\/span><\/li><li><span style=\"font-weight: 400;\">plan de table<\/span><\/li><li><span style=\"font-weight: 400;\">\u00e9l\u00e9ments d\u00e9coratifs sur mesure<\/span><\/li><li><span style=\"font-weight: 400;\">accompagnement dans les choix graphiques et esth\u00e9tiques<\/span><\/li><\/ul>\t\t\t\t\t\t\t\t<\/div>\n\t\t\t\t<\/div>\n\t\t\t\t<div class=\"elementor-element elementor-element-fcb143b elementor-widget elementor-widget-heading\" data-id=\"fcb143b\" data-element_type=\"widget\" data-e-type=\"widget\" data-widget_type=\"heading.default\">\n\t\t\t\t<div class=\"elementor-widget-container\">\n\t\t\t\t\t<h2 class=\"elementor-heading-title elementor-size-default\">Who is this service for? <\/h2>\t\t\t\t<\/div>\n\t\t\t\t<\/div>\n\t\t\t\t<div class=\"elementor-element elementor-element-d598452 elementor-widget-tablet__width-inherit elementor-widget-mobile__width-inherit elementor-widget elementor-widget-text-editor\" data-id=\"d598452\" data-element_type=\"widget\" data-e-type=\"widget\" data-widget_type=\"text-editor.default\">\n\t\t\t\t<div class=\"elementor-widget-container\">\n\t\t\t\t\t\t\t\t\t<p><span style=\"font-weight: 400;\">Le Creative Studio s\u2019adresse aux couples qui souhaitent apporter une dimension esth\u00e9tique forte \u00e0 leur mariage et cr\u00e9er des d\u00e9tails uniques qui viendront compl\u00e9ter l\u2019univers imagin\u00e9 pour leur journ\u00e9e<\/span><\/p>\t\t\t\t\t\t\t\t<\/div>\n\t\t\t\t<\/div>\n\t\t\t\t<div class=\"elementor-element elementor-element-164452c elementor-widget elementor-widget-heading\" data-id=\"164452c\" data-element_type=\"widget\" data-e-type=\"widget\" data-widget_type=\"heading.default\">\n\t\t\t\t<div class=\"elementor-widget-container\">\n\t\t\t\t\t<h2 class=\"elementor-heading-title elementor-size-default\">La collection MADE<\/h2>\t\t\t\t<\/div>\n\t\t\t\t<\/div>\n\t\t\t\t<div class=\"elementor-element elementor-element-1549b88 elementor-widget-tablet__width-inherit elementor-widget-mobile__width-inherit elementor-widget elementor-widget-text-editor\" data-id=\"1549b88\" data-element_type=\"widget\" data-e-type=\"widget\" data-widget_type=\"text-editor.default\">\n\t\t\t\t<div class=\"elementor-widget-container\">\n\t\t\t\t\t\t\t\t\t<p><span style=\"font-weight: 400;\">Au fil des projets, MADE a constitu\u00e9 une collection d\u2019\u00e9l\u00e9ments d\u00e9coratifs soigneusement s\u00e9lectionn\u00e9s : bougeoirs, miroirs, nappes, accessoires d\u00e9coratifs et objets sc\u00e9nographiques.<\/span><\/p><p><span style=\"font-weight: 400;\">Ces pi\u00e8ces peuvent \u00eatre int\u00e9gr\u00e9es aux projets afin de compl\u00e9ter l\u2019univers esth\u00e9tique imagin\u00e9 pour votre mariage et apporter une harmonie suppl\u00e9mentaire \u00e0 la sc\u00e9nographie.<\/span><\/p>\t\t\t\t\t\t\t\t<\/div>\n\t\t\t\t<\/div>\n\t\t\t\t<\/div>\n\t\t<div class=\"elementor-element elementor-element-d5c8e08 e-con-full e-flex e-con e-child\" data-id=\"d5c8e08\" data-element_type=\"container\" data-e-type=\"container\">\n\t\t\t\t<div class=\"elementor-element elementor-element-49bdb5f elementor-widget elementor-widget-image\" data-id=\"49bdb5f\" data-element_type=\"widget\" data-e-type=\"widget\" data-widget_type=\"image.default\">\n\t\t\t\t<div class=\"elementor-widget-container\">\n\t\t\t\t\t\t\t\t\t\t\t\t\t\t\t<img fetchpriority=\"high\" decoding=\"async\" width=\"1537\" height=\"2048\" src=\"https:\/\/madeorganisation.com\/wp-content\/uploads\/2026\/04\/lucy-dancclemence-aresu-350.jpeg\" class=\"attachment-full size-full wp-image-30498\" alt=\"\" srcset=\"https:\/\/madeorganisation.com\/wp-content\/uploads\/2026\/04\/lucy-dancclemence-aresu-350.jpeg 1537w, https:\/\/madeorganisation.com\/wp-content\/uploads\/2026\/04\/lucy-dancclemence-aresu-350-225x300.jpeg 225w, https:\/\/madeorganisation.com\/wp-content\/uploads\/2026\/04\/lucy-dancclemence-aresu-350-769x1024.jpeg 769w, https:\/\/madeorganisation.com\/wp-content\/uploads\/2026\/04\/lucy-dancclemence-aresu-350-768x1023.jpeg 768w, https:\/\/madeorganisation.com\/wp-content\/uploads\/2026\/04\/lucy-dancclemence-aresu-350-1153x1536.jpeg 1153w, https:\/\/madeorganisation.com\/wp-content\/uploads\/2026\/04\/lucy-dancclemence-aresu-350-9x12.jpeg 9w\" sizes=\"(max-width: 1537px) 100vw, 1537px\" \/>\t\t\t\t\t\t\t\t\t\t\t\t\t\t\t<\/div>\n\t\t\t\t<\/div>\n\t\t\t\t<\/div>\n\t\t\t\t\t<\/div>\n\t\t\t\t<\/div>\n\t\t<div class=\"elementor-element elementor-element-8426502 e-flex e-con-boxed e-con e-parent\" data-id=\"8426502\" data-element_type=\"container\" data-e-type=\"container\">\n\t\t\t\t\t<div class=\"e-con-inner\">\n\t\t\t\t<div class=\"elementor-element elementor-element-e3efcd0 elementor-widget elementor-widget-text-editor\" data-id=\"e3efcd0\" data-element_type=\"widget\" data-e-type=\"widget\" data-widget_type=\"text-editor.default\">\n\t\t\t\t<div class=\"elementor-widget-container\">\n\t\t\t\t\t\t\t\t\t<p><span style=\"font-weight: 400;\">Chaque cr\u00e9ation est imagin\u00e9e avec soin afin de s\u2019int\u00e9grer harmonieusement \u00e0 l\u2019univers de votre mariage.<\/span><\/p>\t\t\t\t\t\t\t\t<\/div>\n\t\t\t\t<\/div>\n\t\t\t\t\t<\/div>\n\t\t\t\t<\/div>\n\t\t<div class=\"elementor-element elementor-element-3e18db5 e-con-full e-flex e-con e-parent\" data-id=\"3e18db5\" data-element_type=\"container\" data-e-type=\"container\" data-settings=\"{&quot;background_background&quot;:&quot;classic&quot;}\">\n\t\t\t\t<div class=\"elementor-element elementor-element-6eeb8c0 elementor-cta--skin-cover elementor-cta--valign-middle elementor-animated-content elementor-bg-transform elementor-bg-transform-zoom-in elementor-widget elementor-widget-call-to-action\" data-id=\"6eeb8c0\" data-element_type=\"widget\" data-e-type=\"widget\" data-widget_type=\"call-to-action.default\">\n\t\t\t\t<div class=\"elementor-widget-container\">\n\t\t\t\t\t\t\t<a class=\"elementor-cta\" href=\"https:\/\/madeorganisation.com\/en\/contact-wedding-planner\/\">\n\t\t\t\t\t<div class=\"elementor-cta__bg-wrapper\">\n\t\t\t\t<div class=\"elementor-cta__bg elementor-bg\" style=\"background-image: url(https:\/\/madeorganisation.com\/wp-content\/uploads\/2026\/04\/lucy-dancclemence-aresu-230.jpeg);\" role=\"img\" aria-label=\"DCIM100MEDIADJI_0544.JPG Compressed by NanoJPG 4.1.0\"><\/div>\n\t\t\t\t<div class=\"elementor-cta__bg-overlay\"><\/div>\n\t\t\t<\/div>\n\t\t\t\t\t\t\t<div class=\"elementor-cta__content\">\n\t\t\t\t\n\t\t\t\t\t\t\t\t\t<h2 class=\"elementor-cta__title elementor-cta__content-item elementor-content-item elementor-animated-item--grow\">\n\t\t\t\t\t\tLet's imagine your wedding!\t\t\t\t\t<\/h2>\n\t\t\t\t\n\t\t\t\t\t\t\t\t\t<div class=\"elementor-cta__description elementor-cta__content-item elementor-content-item elementor-animated-item--grow\">\n\t\t\t\t\t\tIf you wish to imagine an elegant and bespoke wedding, I would be delighted to discuss your project with you.\t\t\t\t\t<\/div>\n\t\t\t\t\n\t\t\t\t\t\t\t\t\t<div class=\"elementor-cta__button-wrapper elementor-cta__content-item elementor-content-item elementor-animated-item--grow\">\n\t\t\t\t\t<span class=\"elementor-cta__button elementor-button elementor-size-\">\n\t\t\t\t\t\tTell me your story\t\t\t\t\t<\/span>\n\t\t\t\t\t<\/div>\n\t\t\t\t\t\t\t<\/div>\n\t\t\t\t\t\t<\/a>\n\t\t\t\t\t\t<\/div>\n\t\t\t\t<\/div>\n\t\t\t\t<\/div>\n\t\t\t\t<\/div>\n\t\t<p><a href=\"\/\/www.pinterest.com\/pin\/create\/button\/\" data-pin-do=\"buttonBookmark\" data-pin-color=\"red\" data-pin-height=\"128\"><img decoding=\"async\" src=\"\/\/assets.pinterest.com\/images\/pidgets\/pinit_fg_en_rect_red_28.png\" \/><\/a><\/p>","protected":false},"excerpt":{"rendered":"<p>Cr\u00e9ative Studio Le studio cr\u00e9atif de MADE imagine et con\u00e7oit des \u00e9l\u00e9ments personnalis\u00e9s qui viennent compl\u00e9ter l\u2019univers esth\u00e9tique de votre \u00e9v\u00e9nement. Chaque cr\u00e9ation est pens\u00e9e comme une extension naturelle de la direction artistique imagin\u00e9e pour votre mariage, afin d\u2019apporter coh\u00e9rence, harmonie et sens du d\u00e9tail. Notre approche cr\u00e9ative La cr\u00e9ation occupe une place essentielle dans [&hellip;]<\/p>\n","protected":false},"author":1,"featured_media":0,"parent":0,"menu_order":0,"comment_status":"closed","ping_status":"closed","template":"","meta":{"footnotes":""},"class_list":["post-30716","page","type-page","status-publish","hentry"],"_links":{"self":[{"href":"https:\/\/madeorganisation.com\/en\/wp-json\/wp\/v2\/pages\/30716","targetHints":{"allow":["GET"]}}],"collection":[{"href":"https:\/\/madeorganisation.com\/en\/wp-json\/wp\/v2\/pages"}],"about":[{"href":"https:\/\/madeorganisation.com\/en\/wp-json\/wp\/v2\/types\/page"}],"author":[{"embeddable":true,"href":"https:\/\/madeorganisation.com\/en\/wp-json\/wp\/v2\/users\/1"}],"replies":[{"embeddable":true,"href":"https:\/\/madeorganisation.com\/en\/wp-json\/wp\/v2\/comments?post=30716"}],"version-history":[{"count":10,"href":"https:\/\/madeorganisation.com\/en\/wp-json\/wp\/v2\/pages\/30716\/revisions"}],"predecessor-version":[{"id":30812,"href":"https:\/\/madeorganisation.com\/en\/wp-json\/wp\/v2\/pages\/30716\/revisions\/30812"}],"wp:attachment":[{"href":"https:\/\/madeorganisation.com\/en\/wp-json\/wp\/v2\/media?parent=30716"}],"curies":[{"name":"wp","href":"https:\/\/api.w.org\/{rel}","templated":true}]}}