{"id":29377,"date":"2023-05-02T17:08:58","date_gmt":"2023-05-02T15:08:58","guid":{"rendered":"https:\/\/madeorganisation.com\/?page_id=29377"},"modified":"2026-04-13T14:26:26","modified_gmt":"2026-04-13T12:26:26","slug":"nos-prestations-wedding-et-event-planner-a-bordeaux","status":"publish","type":"page","link":"https:\/\/madeorganisation.com\/en\/nos-prestations-wedding-et-event-planner-a-bordeaux\/","title":{"rendered":"Our services - Wedding and Event Planner in Bordeaux"},"content":{"rendered":"<div data-elementor-type=\"wp-page\" data-elementor-id=\"29377\" class=\"elementor elementor-29377\" data-elementor-post-type=\"page\">\n\t\t\t\t<div class=\"elementor-element elementor-element-d027790 e-flex e-con-boxed e-con e-parent\" data-id=\"d027790\" data-element_type=\"container\" data-e-type=\"container\">\n\t\t\t\t\t<div class=\"e-con-inner\">\n\t\t\t\t<div class=\"elementor-element elementor-element-81bb038 elementor-widget elementor-widget-heading\" data-id=\"81bb038\" data-element_type=\"widget\" data-e-type=\"widget\" data-widget_type=\"heading.default\">\n\t\t\t\t<div class=\"elementor-widget-container\">\n\t\t\t\t\t<h1 class=\"elementor-heading-title elementor-size-default\">Our services<\/h1>\t\t\t\t<\/div>\n\t\t\t\t<\/div>\n\t\t\t\t<div class=\"elementor-element elementor-element-ee5410e elementor-widget__width-initial elementor-widget-tablet__width-inherit elementor-widget-mobile__width-inherit elementor-widget elementor-widget-text-editor\" data-id=\"ee5410e\" data-element_type=\"widget\" data-e-type=\"widget\" data-widget_type=\"text-editor.default\">\n\t\t\t\t<div class=\"elementor-widget-container\">\n\t\t\t\t\t\t\t\t\t<p><strong>Every marriage is a unique story.<\/strong><span style=\"font-weight: 400;\"><br \/><\/span><span style=\"font-weight: 400;\">Through MADE, I support couples in the design and organization of elegant weddings in France, blending artistic direction, attention to detail, and tailored planning. <\/span><span style=\"font-weight: 400;\">My approach is based on the balance between creation and orchestration to transform a vision into an elegant and perfectly orchestrated wedding.<\/span><\/p>\t\t\t\t\t\t\t\t<\/div>\n\t\t\t\t<\/div>\n\t\t\t\t\t<\/div>\n\t\t\t\t<\/div>\n\t\t<div class=\"elementor-element elementor-element-fc777fd e-flex e-con-boxed e-con e-parent\" data-id=\"fc777fd\" data-element_type=\"container\" data-e-type=\"container\" data-settings=\"{&quot;background_background&quot;:&quot;classic&quot;}\">\n\t\t\t\t\t<div class=\"e-con-inner\">\n\t\t\t\t<div class=\"elementor-element elementor-element-2b7c6cf elementor-cta--valign-middle elementor-cta--layout-image-left elementor-cta--mobile-layout-image-above elementor-cta--skin-classic elementor-animated-content elementor-bg-transform elementor-bg-transform-zoom-in elementor-widget elementor-widget-call-to-action\" data-id=\"2b7c6cf\" data-element_type=\"widget\" data-e-type=\"widget\" data-widget_type=\"call-to-action.default\">\n\t\t\t\t<div class=\"elementor-widget-container\">\n\t\t\t\t\t\t\t<a class=\"elementor-cta\" href=\"https:\/\/madeorganisation.com\/en\/wedding-planner-bordeaux-scenographie\/\">\n\t\t\t\t\t<div class=\"elementor-cta__bg-wrapper\">\n\t\t\t\t<div class=\"elementor-cta__bg elementor-bg\" style=\"background-image: url(https:\/\/madeorganisation.com\/wp-content\/uploads\/2026\/04\/648_240720_MariageMargauxJules.jpeg);\" role=\"img\" aria-label=\"Wedding Margaux + Jules - 07\/20\/2024 - Domaine de la Fauconnie\"><\/div>\n\t\t\t\t<div class=\"elementor-cta__bg-overlay\"><\/div>\n\t\t\t<\/div>\n\t\t\t\t\t\t\t<div class=\"elementor-cta__content\">\n\t\t\t\t\n\t\t\t\t\t\t\t\t\t<h2 class=\"elementor-cta__title elementor-cta__content-item elementor-content-item\">\n\t\t\t\t\t\tDESIGN\t\t\t\t\t<\/h2>\n\t\t\t\t\n\t\t\t\t\t\t\t\t\t<div class=\"elementor-cta__description elementor-cta__content-item elementor-content-item\">\n\t\t\t\t\t\tDesign is at the heart of every wedding imagined by MADE.\nAs a wedding designer, I envision the aesthetic universe of your wedding: the colors, the materials, the flowers, the volumes, and the overall atmosphere.\nEvery detail is considered in order to create a strong visual identity and perfect harmony between the different spaces and moments of your day.\t\t\t\t\t<\/div>\n\t\t\t\t\n\t\t\t\t\t\t\t\t\t<div class=\"elementor-cta__button-wrapper elementor-cta__content-item elementor-content-item\">\n\t\t\t\t\t<span class=\"elementor-cta__button elementor-button elementor-size-\">\n\t\t\t\t\t\tDiscover\t\t\t\t\t<\/span>\n\t\t\t\t\t<\/div>\n\t\t\t\t\t\t\t<\/div>\n\t\t\t\t\t\t<\/a>\n\t\t\t\t\t\t<\/div>\n\t\t\t\t<\/div>\n\t\t\t\t<div class=\"elementor-element elementor-element-d20a6bd elementor-cta--valign-middle elementor-cta--layout-image-left elementor-cta--mobile-layout-image-above elementor-cta--skin-classic elementor-animated-content elementor-bg-transform elementor-bg-transform-zoom-in elementor-widget elementor-widget-call-to-action\" data-id=\"d20a6bd\" data-element_type=\"widget\" data-e-type=\"widget\" data-widget_type=\"call-to-action.default\">\n\t\t\t\t<div class=\"elementor-widget-container\">\n\t\t\t\t\t\t\t<a class=\"elementor-cta\" href=\"https:\/\/madeorganisation.com\/en\/wedding-planner-bordeaux-organisation-complete\/\">\n\t\t\t\t\t<div class=\"elementor-cta__bg-wrapper\">\n\t\t\t\t<div class=\"elementor-cta__bg elementor-bg\" style=\"background-image: url(https:\/\/madeorganisation.com\/wp-content\/uploads\/2026\/04\/mariage-manon-alexandre-02082025-blondieconfettis-522.jpeg);\" role=\"img\" aria-label=\"mariage-manon-alexandre-02082025-blondieconfettis-522\"><\/div>\n\t\t\t\t<div class=\"elementor-cta__bg-overlay\"><\/div>\n\t\t\t<\/div>\n\t\t\t\t\t\t\t<div class=\"elementor-cta__content\">\n\t\t\t\t\n\t\t\t\t\t\t\t\t\t<h2 class=\"elementor-cta__title elementor-cta__content-item elementor-content-item\">\n\t\t\t\t\t\tPLANNING\t\t\t\t\t<\/h2>\n\t\t\t\t\n\t\t\t\t\t\t\t\t\t<div class=\"elementor-cta__description elementor-cta__content-item elementor-content-item\">\n\t\t\t\t\t\tOrganization is the structure that brings every detail to life.\nAs a wedding planner, I will guide you through the entire preparation process: vendor selection, timeline management, and day-of coordination.\nMy role is to ensure smooth and perfectly controlled organization so that you can experience every moment with complete peace of mind.\n\t\t\t\t\t<\/div>\n\t\t\t\t\n\t\t\t\t\t\t\t\t\t<div class=\"elementor-cta__button-wrapper elementor-cta__content-item elementor-content-item\">\n\t\t\t\t\t<span class=\"elementor-cta__button elementor-button elementor-size-\">\n\t\t\t\t\t\tDiscover\t\t\t\t\t<\/span>\n\t\t\t\t\t<\/div>\n\t\t\t\t\t\t\t<\/div>\n\t\t\t\t\t\t<\/a>\n\t\t\t\t\t\t<\/div>\n\t\t\t\t<\/div>\n\t\t\t\t<div class=\"elementor-element elementor-element-403633d elementor-cta--valign-middle elementor-cta--layout-image-left elementor-cta--mobile-layout-image-above elementor-cta--skin-classic elementor-animated-content elementor-bg-transform elementor-bg-transform-zoom-in elementor-widget elementor-widget-call-to-action\" data-id=\"403633d\" data-element_type=\"widget\" data-e-type=\"widget\" data-widget_type=\"call-to-action.default\">\n\t\t\t\t<div class=\"elementor-widget-container\">\n\t\t\t\t\t\t\t<a class=\"elementor-cta\" href=\"https:\/\/madeorganisation.com\/en\/wedding-planner-bordeaux-creative-studio\/\">\n\t\t\t\t\t<div class=\"elementor-cta__bg-wrapper\">\n\t\t\t\t<div class=\"elementor-cta__bg elementor-bg\" style=\"background-image: url(https:\/\/madeorganisation.com\/wp-content\/uploads\/2026\/04\/lucy-dancclemence-aresu-038.jpeg);\" role=\"img\" aria-label=\"Compressed by NanoJPG 4.1.0\"><\/div>\n\t\t\t\t<div class=\"elementor-cta__bg-overlay\"><\/div>\n\t\t\t<\/div>\n\t\t\t\t\t\t\t<div class=\"elementor-cta__content\">\n\t\t\t\t\n\t\t\t\t\t\t\t\t\t<h2 class=\"elementor-cta__title elementor-cta__content-item elementor-content-item\">\n\t\t\t\t\t\tCREATIVE STUDIO\t\t\t\t\t<\/h2>\n\t\t\t\t\n\t\t\t\t\t\t\t\t\t<div class=\"elementor-cta__description elementor-cta__content-item elementor-content-item\">\n\t\t\t\t\t\tThe MADE creative studio designs custom elements that reinforce your wedding's visual identity.\nStationery, signage, menus, seating charts, or decorative elements: each creation is designed to blend harmoniously with your wedding's theme.\t\t\t\t\t<\/div>\n\t\t\t\t\n\t\t\t\t\t\t\t\t\t<div class=\"elementor-cta__button-wrapper elementor-cta__content-item elementor-content-item\">\n\t\t\t\t\t<span class=\"elementor-cta__button elementor-button elementor-size-\">\n\t\t\t\t\t\tDiscover\t\t\t\t\t<\/span>\n\t\t\t\t\t<\/div>\n\t\t\t\t\t\t\t<\/div>\n\t\t\t\t\t\t<\/a>\n\t\t\t\t\t\t<\/div>\n\t\t\t\t<\/div>\n\t\t\t\t\t<\/div>\n\t\t\t\t<\/div>\n\t\t<div class=\"elementor-element elementor-element-d6a0c22 e-flex e-con-boxed e-con e-parent\" data-id=\"d6a0c22\" data-element_type=\"container\" data-e-type=\"container\">\n\t\t\t\t\t<div class=\"e-con-inner\">\n\t\t\t\t<div class=\"elementor-element elementor-element-c94b904 elementor-widget elementor-widget-heading\" data-id=\"c94b904\" data-element_type=\"widget\" data-e-type=\"widget\" data-widget_type=\"heading.default\">\n\t\t\t\t<div class=\"elementor-widget-container\">\n\t\t\t\t\t<h2 class=\"elementor-heading-title elementor-size-default\">Who are our services for?<\/h2>\t\t\t\t<\/div>\n\t\t\t\t<\/div>\n\t\t\t\t<div class=\"elementor-element elementor-element-193d57c elementor-widget elementor-widget-text-editor\" data-id=\"193d57c\" data-element_type=\"widget\" data-e-type=\"widget\" data-widget_type=\"text-editor.default\">\n\t\t\t\t<div class=\"elementor-widget-container\">\n\t\t\t\t\t\t\t\t\t<p>MADE supports couples who wish to envision an elegant wedding with meticulous attention to detail. Couples sensitive to aesthetics, the guest experience, and perfectly managed organization.<\/p>\t\t\t\t\t\t\t\t<\/div>\n\t\t\t\t<\/div>\n\t\t\t\t\t<\/div>\n\t\t\t\t<\/div>\n\t\t<div class=\"elementor-element elementor-element-d5f2b8e e-con-full e-flex e-con e-parent\" data-id=\"d5f2b8e\" data-element_type=\"container\" data-e-type=\"container\">\n\t\t\t\t<div class=\"elementor-element elementor-element-e2e5d10 elementor-cta--skin-cover elementor-cta--valign-middle elementor-animated-content elementor-bg-transform elementor-bg-transform-zoom-in elementor-widget elementor-widget-call-to-action\" data-id=\"e2e5d10\" data-element_type=\"widget\" data-e-type=\"widget\" data-widget_type=\"call-to-action.default\">\n\t\t\t\t<div class=\"elementor-widget-container\">\n\t\t\t\t\t\t\t<a class=\"elementor-cta\" href=\"https:\/\/madeorganisation.com\/en\/contact-wedding-planner\/\">\n\t\t\t\t\t<div class=\"elementor-cta__bg-wrapper\">\n\t\t\t\t<div class=\"elementor-cta__bg elementor-bg\" style=\"background-image: url(https:\/\/madeorganisation.com\/wp-content\/uploads\/2026\/04\/DSC-475.jpeg);\" role=\"img\" aria-label=\"DSC-475\"><\/div>\n\t\t\t\t<div class=\"elementor-cta__bg-overlay\"><\/div>\n\t\t\t<\/div>\n\t\t\t\t\t\t\t<div class=\"elementor-cta__content\">\n\t\t\t\t\n\t\t\t\t\t\t\t\t\t<h2 class=\"elementor-cta__title elementor-cta__content-item elementor-content-item elementor-animated-item--grow\">\n\t\t\t\t\t\tLet's imagine your wedding!\t\t\t\t\t<\/h2>\n\t\t\t\t\n\t\t\t\t\t\t\t\t\t<div class=\"elementor-cta__description elementor-cta__content-item elementor-content-item elementor-animated-item--grow\">\n\t\t\t\t\t\tIf you wish to imagine an elegant and bespoke wedding, I would be delighted to discuss your project with you.\t\t\t\t\t<\/div>\n\t\t\t\t\n\t\t\t\t\t\t\t\t\t<div class=\"elementor-cta__button-wrapper elementor-cta__content-item elementor-content-item elementor-animated-item--grow\">\n\t\t\t\t\t<span class=\"elementor-cta__button elementor-button elementor-size-\">\n\t\t\t\t\t\tTell me your story\t\t\t\t\t<\/span>\n\t\t\t\t\t<\/div>\n\t\t\t\t\t\t\t<\/div>\n\t\t\t\t\t\t<\/a>\n\t\t\t\t\t\t<\/div>\n\t\t\t\t<\/div>\n\t\t\t\t<\/div>\n\t\t\t\t<\/div>\n\t\t<p><a href=\"\/\/www.pinterest.com\/pin\/create\/button\/\" data-pin-do=\"buttonBookmark\" data-pin-color=\"red\" data-pin-height=\"128\"><img decoding=\"async\" src=\"\/\/assets.pinterest.com\/images\/pidgets\/pinit_fg_en_rect_red_28.png\" \/><\/a><\/p>","protected":false},"excerpt":{"rendered":"<p>Nos services Chaque mariage est une histoire unique.\u00c0 travers MADE, j\u2019accompagne les couples dans la conception et l\u2019organisation de mariages \u00e9l\u00e9gants en France, en m\u00ealant direction artistique, sens du d\u00e9tail et organisation sur mesure. Mon approche repose sur l\u2019\u00e9quilibre entre cr\u00e9ation et orchestration afin de transformer une vision en un mariage \u00e9l\u00e9gant et parfaitement orchestr\u00e9. [&hellip;]<\/p>\n","protected":false},"author":1,"featured_media":0,"parent":0,"menu_order":0,"comment_status":"closed","ping_status":"closed","template":"","meta":{"footnotes":""},"class_list":["post-29377","page","type-page","status-publish","hentry"],"_links":{"self":[{"href":"https:\/\/madeorganisation.com\/en\/wp-json\/wp\/v2\/pages\/29377","targetHints":{"allow":["GET"]}}],"collection":[{"href":"https:\/\/madeorganisation.com\/en\/wp-json\/wp\/v2\/pages"}],"about":[{"href":"https:\/\/madeorganisation.com\/en\/wp-json\/wp\/v2\/types\/page"}],"author":[{"embeddable":true,"href":"https:\/\/madeorganisation.com\/en\/wp-json\/wp\/v2\/users\/1"}],"replies":[{"embeddable":true,"href":"https:\/\/madeorganisation.com\/en\/wp-json\/wp\/v2\/comments?post=29377"}],"version-history":[{"count":16,"href":"https:\/\/madeorganisation.com\/en\/wp-json\/wp\/v2\/pages\/29377\/revisions"}],"predecessor-version":[{"id":30734,"href":"https:\/\/madeorganisation.com\/en\/wp-json\/wp\/v2\/pages\/29377\/revisions\/30734"}],"wp:attachment":[{"href":"https:\/\/madeorganisation.com\/en\/wp-json\/wp\/v2\/media?parent=29377"}],"curies":[{"name":"wp","href":"https:\/\/api.w.org\/{rel}","templated":true}]}}