{"id":28507,"date":"2023-04-26T14:55:48","date_gmt":"2023-04-26T12:55:48","guid":{"rendered":"https:\/\/madeorganisation.com\/?page_id=28507"},"modified":"2026-04-15T13:46:08","modified_gmt":"2026-04-15T11:46:08","slug":"wedding-planner-bordeaux-scenographie","status":"publish","type":"page","link":"https:\/\/madeorganisation.com\/en\/wedding-planner-bordeaux-scenographie\/","title":{"rendered":"Wedding Planner Bordeaux - Scenography"},"content":{"rendered":"<div data-elementor-type=\"wp-page\" data-elementor-id=\"28507\" class=\"elementor elementor-28507\" data-elementor-post-type=\"page\">\n\t\t\t\t<div class=\"elementor-element elementor-element-2a5ac63 e-flex e-con-boxed e-con e-parent\" data-id=\"2a5ac63\" data-element_type=\"container\" data-e-type=\"container\" data-settings=\"{&quot;background_background&quot;:&quot;classic&quot;}\">\n\t\t\t\t\t<div class=\"e-con-inner\">\n\t\t\t\t<div class=\"elementor-element elementor-element-b4e3476 elementor-widget elementor-widget-heading\" data-id=\"b4e3476\" data-element_type=\"widget\" data-e-type=\"widget\" data-widget_type=\"heading.default\">\n\t\t\t\t<div class=\"elementor-widget-container\">\n\t\t\t\t\t<h1 class=\"elementor-heading-title elementor-size-default\">Design<\/h1>\t\t\t\t<\/div>\n\t\t\t\t<\/div>\n\t\t\t\t<div class=\"elementor-element elementor-element-a2a4856 elementor-widget__width-initial elementor-widget-tablet__width-inherit elementor-widget-mobile__width-inherit elementor-widget elementor-widget-text-editor\" data-id=\"a2a4856\" data-element_type=\"widget\" data-e-type=\"widget\" data-widget_type=\"text-editor.default\">\n\t\t\t\t<div class=\"elementor-widget-container\">\n\t\t\t\t\t\t\t\t\t<p><strong>Design is at the heart of every project conceived by MADE. It's about creating a coherent aesthetic universe, where every detail contributes to a unique atmosphere.<\/strong><\/p>\t\t\t\t\t\t\t\t<\/div>\n\t\t\t\t<\/div>\n\t\t\t\t\t<\/div>\n\t\t\t\t<\/div>\n\t\t<div class=\"elementor-element elementor-element-c552548 e-flex e-con-boxed e-con e-parent\" data-id=\"c552548\" data-element_type=\"container\" data-e-type=\"container\">\n\t\t\t\t\t<div class=\"e-con-inner\">\n\t\t\t\t<div class=\"elementor-element elementor-element-5eff894 elementor-widget elementor-widget-heading\" data-id=\"5eff894\" data-element_type=\"widget\" data-e-type=\"widget\" data-widget_type=\"heading.default\">\n\t\t\t\t<div class=\"elementor-widget-container\">\n\t\t\t\t\t<h2 class=\"elementor-heading-title elementor-size-default\">Our approach<\/h2>\t\t\t\t<\/div>\n\t\t\t\t<\/div>\n\t\t\t\t<div class=\"elementor-element elementor-element-58ed8cb elementor-widget elementor-widget-text-editor\" data-id=\"58ed8cb\" data-element_type=\"widget\" data-e-type=\"widget\" data-widget_type=\"text-editor.default\">\n\t\t\t\t<div class=\"elementor-widget-container\">\n\t\t\t\t\t\t\t\t\t<p><span style=\"font-weight: 400;\">Event design goes far beyond decoration.<\/span><span style=\"font-weight: 400;\"><br \/><\/span><span style=\"font-weight: 400;\">This involves imagining an artistic direction that will guide the entire project: the colors, materials, flowers, scenography, and overall atmosphere.<\/span><\/p>\t\t\t\t\t\t\t\t<\/div>\n\t\t\t\t<\/div>\n\t\t\t\t\t<\/div>\n\t\t\t\t<\/div>\n\t\t<div class=\"elementor-element elementor-element-1256be5 e-flex e-con-boxed e-con e-parent\" data-id=\"1256be5\" data-element_type=\"container\" data-e-type=\"container\">\n\t\t\t\t\t<div class=\"e-con-inner\">\n\t\t<div class=\"elementor-element elementor-element-6adc15a e-con-full e-flex e-con e-child\" data-id=\"6adc15a\" data-element_type=\"container\" data-e-type=\"container\">\n\t\t\t\t<div class=\"elementor-element elementor-element-0545ec5 elementor-widget elementor-widget-heading\" data-id=\"0545ec5\" data-element_type=\"widget\" data-e-type=\"widget\" data-widget_type=\"heading.default\">\n\t\t\t\t<div class=\"elementor-widget-container\">\n\t\t\t\t\t<h2 class=\"elementor-heading-title elementor-size-default\">What design includes<\/h2>\t\t\t\t<\/div>\n\t\t\t\t<\/div>\n\t\t\t\t<div class=\"elementor-element elementor-element-ac7d2b8 elementor-widget-tablet__width-inherit elementor-widget-mobile__width-inherit elementor-widget elementor-widget-text-editor\" data-id=\"ac7d2b8\" data-element_type=\"widget\" data-e-type=\"widget\" data-widget_type=\"text-editor.default\">\n\t\t\t\t<div class=\"elementor-widget-container\">\n\t\t\t\t\t\t\t\t\t<ul><li><span style=\"font-weight: 400;\"> Artistic direction of the project<\/span><\/li><li><span style=\"font-weight: 400;\">Aesthetic universe design<\/span><\/li><li><span style=\"font-weight: 400;\">creation of a complete decoration book including: <\/span><span style=\"font-weight: 400;\">moodboard, <\/span><span style=\"font-weight: 400;\">choice of materials and colors, <\/span><span style=\"font-weight: 400;\">flower design inspiration, <\/span><span style=\"font-weight: 400;\">scenography by space, <\/span><span style=\"font-weight: 400;\">creative vendor selection<\/span><\/li><li><span style=\"font-weight: 400;\">decorative choices support<\/span><\/li><li><span style=\"font-weight: 400;\">Coordination with design providers<\/span><\/li><li><span style=\"font-weight: 400;\">Installation and setup of the scenography on the day of the event<\/span><\/li><\/ul>\t\t\t\t\t\t\t\t<\/div>\n\t\t\t\t<\/div>\n\t\t\t\t<div class=\"elementor-element elementor-element-3b98d1a elementor-widget elementor-widget-heading\" data-id=\"3b98d1a\" data-element_type=\"widget\" data-e-type=\"widget\" data-widget_type=\"heading.default\">\n\t\t\t\t<div class=\"elementor-widget-container\">\n\t\t\t\t\t<h2 class=\"elementor-heading-title elementor-size-default\">Who is this service for<\/h2>\t\t\t\t<\/div>\n\t\t\t\t<\/div>\n\t\t\t\t<div class=\"elementor-element elementor-element-c699d5f elementor-widget-tablet__width-inherit elementor-widget-mobile__width-inherit elementor-widget elementor-widget-text-editor\" data-id=\"c699d5f\" data-element_type=\"widget\" data-e-type=\"widget\" data-widget_type=\"text-editor.default\">\n\t\t\t\t<div class=\"elementor-widget-container\">\n\t\t\t\t\t\t\t\t\t<p><span style=\"font-weight: 400;\">This support is for couples who wish to imagine a wedding with a strong aesthetic identity and particular attention to detail.<\/span><\/p><p><span style=\"font-weight: 400;\">It is ideal for those who wish to create a harmonious and coherent universe, where each element\u2014from the flowers to the stationery, including the scenography of the spaces\u2014participates in telling a story and creating a unique atmosphere.<\/span><\/p>\t\t\t\t\t\t\t\t<\/div>\n\t\t\t\t<\/div>\n\t\t\t\t<\/div>\n\t\t<div class=\"elementor-element elementor-element-d5c8e08 e-con-full e-flex e-con e-child\" data-id=\"d5c8e08\" data-element_type=\"container\" data-e-type=\"container\">\n\t\t\t\t<div class=\"elementor-element elementor-element-49bdb5f elementor-widget elementor-widget-image\" data-id=\"49bdb5f\" data-element_type=\"widget\" data-e-type=\"widget\" data-widget_type=\"image.default\">\n\t\t\t\t<div class=\"elementor-widget-container\">\n\t\t\t\t\t\t\t\t\t\t\t\t\t\t\t<img decoding=\"async\" src=\"https:\/\/madeorganisation.com\/wp-content\/uploads\/elementor\/thumbs\/Estelle-et-Aurelien-820-rlt3rz3lw4m1d8ef60lw1657aetykdgb4lrflqzsgw.jpeg\" title=\"Estelle and Aur\u00e9lien\" alt=\"Estelle et Aur\u00e9lien\" loading=\"lazy\" \/>\t\t\t\t\t\t\t\t\t\t\t\t\t\t\t<\/div>\n\t\t\t\t<\/div>\n\t\t\t\t<\/div>\n\t\t\t\t\t<\/div>\n\t\t\t\t<\/div>\n\t\t<div class=\"elementor-element elementor-element-8426502 e-flex e-con-boxed e-con e-parent\" data-id=\"8426502\" data-element_type=\"container\" data-e-type=\"container\">\n\t\t\t\t\t<div class=\"e-con-inner\">\n\t\t\t\t<div class=\"elementor-element elementor-element-e3efcd0 elementor-widget elementor-widget-text-editor\" data-id=\"e3efcd0\" data-element_type=\"widget\" data-e-type=\"widget\" data-widget_type=\"text-editor.default\">\n\t\t\t\t<div class=\"elementor-widget-container\">\n\t\t\t\t\t\t\t\t\t<p><span style=\"font-weight: 400;\">Each project is conceived as its own universe, where aesthetics and harmony elevate every moment.<\/span><\/p>\t\t\t\t\t\t\t\t<\/div>\n\t\t\t\t<\/div>\n\t\t\t\t\t<\/div>\n\t\t\t\t<\/div>\n\t\t<div class=\"elementor-element elementor-element-3e18db5 e-con-full e-flex e-con e-parent\" data-id=\"3e18db5\" data-element_type=\"container\" data-e-type=\"container\" data-settings=\"{&quot;background_background&quot;:&quot;classic&quot;}\">\n\t\t\t\t<div class=\"elementor-element elementor-element-6eeb8c0 elementor-cta--skin-cover elementor-cta--valign-middle elementor-animated-content elementor-bg-transform elementor-bg-transform-zoom-in elementor-widget elementor-widget-call-to-action\" data-id=\"6eeb8c0\" data-element_type=\"widget\" data-e-type=\"widget\" data-widget_type=\"call-to-action.default\">\n\t\t\t\t<div class=\"elementor-widget-container\">\n\t\t\t\t\t\t\t<a class=\"elementor-cta\" href=\"https:\/\/madeorganisation.com\/en\/contact-wedding-planner\/\">\n\t\t\t\t\t<div class=\"elementor-cta__bg-wrapper\">\n\t\t\t\t<div class=\"elementor-cta__bg elementor-bg\" style=\"background-image: url(https:\/\/madeorganisation.com\/wp-content\/uploads\/2026\/04\/634_240720_MariageMargauxJules.jpeg);\" role=\"img\" aria-label=\"Wedding Margaux + Jules - 07\/20\/2024 - Domaine de la Fauconnie\"><\/div>\n\t\t\t\t<div class=\"elementor-cta__bg-overlay\"><\/div>\n\t\t\t<\/div>\n\t\t\t\t\t\t\t<div class=\"elementor-cta__content\">\n\t\t\t\t\n\t\t\t\t\t\t\t\t\t<h2 class=\"elementor-cta__title elementor-cta__content-item elementor-content-item elementor-animated-item--grow\">\n\t\t\t\t\t\tLet's imagine your wedding!\t\t\t\t\t<\/h2>\n\t\t\t\t\n\t\t\t\t\t\t\t\t\t<div class=\"elementor-cta__description elementor-cta__content-item elementor-content-item elementor-animated-item--grow\">\n\t\t\t\t\t\tIf you wish to imagine an elegant and bespoke wedding, I would be delighted to discuss your project with you.\n\t\t\t\t\t<\/div>\n\t\t\t\t\n\t\t\t\t\t\t\t\t\t<div class=\"elementor-cta__button-wrapper elementor-cta__content-item elementor-content-item elementor-animated-item--grow\">\n\t\t\t\t\t<span class=\"elementor-cta__button elementor-button elementor-size-\">\n\t\t\t\t\t\tTell me your story\t\t\t\t\t<\/span>\n\t\t\t\t\t<\/div>\n\t\t\t\t\t\t\t<\/div>\n\t\t\t\t\t\t<\/a>\n\t\t\t\t\t\t<\/div>\n\t\t\t\t<\/div>\n\t\t\t\t<\/div>\n\t\t\t\t<\/div>\n\t\t<p><a href=\"\/\/www.pinterest.com\/pin\/create\/button\/\" data-pin-do=\"buttonBookmark\" data-pin-color=\"red\" data-pin-height=\"128\"><img decoding=\"async\" src=\"\/\/assets.pinterest.com\/images\/pidgets\/pinit_fg_en_rect_red_28.png\" \/><\/a><\/p>","protected":false},"excerpt":{"rendered":"<p>Design Le design est au c\u0153ur de chaque projet imagin\u00e9 par MADE. Il s\u2019agit de concevoir un univers esth\u00e9tique coh\u00e9rent, o\u00f9 chaque d\u00e9tail contribue \u00e0 cr\u00e9er une atmosph\u00e8re unique. Notre approche Le design d\u2019un \u00e9v\u00e9nement va bien au-del\u00e0 de la d\u00e9coration.Il s\u2019agit d\u2019imaginer une direction artistique qui guidera l\u2019ensemble du projet : les couleurs, les [&hellip;]<\/p>\n","protected":false},"author":1,"featured_media":0,"parent":0,"menu_order":0,"comment_status":"closed","ping_status":"closed","template":"","meta":{"footnotes":""},"class_list":["post-28507","page","type-page","status-publish","hentry"],"_links":{"self":[{"href":"https:\/\/madeorganisation.com\/en\/wp-json\/wp\/v2\/pages\/28507","targetHints":{"allow":["GET"]}}],"collection":[{"href":"https:\/\/madeorganisation.com\/en\/wp-json\/wp\/v2\/pages"}],"about":[{"href":"https:\/\/madeorganisation.com\/en\/wp-json\/wp\/v2\/types\/page"}],"author":[{"embeddable":true,"href":"https:\/\/madeorganisation.com\/en\/wp-json\/wp\/v2\/users\/1"}],"replies":[{"embeddable":true,"href":"https:\/\/madeorganisation.com\/en\/wp-json\/wp\/v2\/comments?post=28507"}],"version-history":[{"count":42,"href":"https:\/\/madeorganisation.com\/en\/wp-json\/wp\/v2\/pages\/28507\/revisions"}],"predecessor-version":[{"id":30806,"href":"https:\/\/madeorganisation.com\/en\/wp-json\/wp\/v2\/pages\/28507\/revisions\/30806"}],"wp:attachment":[{"href":"https:\/\/madeorganisation.com\/en\/wp-json\/wp\/v2\/media?parent=28507"}],"curies":[{"name":"wp","href":"https:\/\/api.w.org\/{rel}","templated":true}]}}