{"id":28501,"date":"2023-04-26T14:45:27","date_gmt":"2023-04-26T12:45:27","guid":{"rendered":"https:\/\/madeorganisation.com\/?page_id=28501"},"modified":"2023-05-03T11:23:46","modified_gmt":"2023-05-03T09:23:46","slug":"wedding-planner-bordeaux-coordination-du-jour-j","status":"publish","type":"page","link":"https:\/\/madeorganisation.com\/en\/wedding-planner-bordeaux-coordination-du-jour-j\/","title":{"rendered":"Wedding Planner Bordeaux &#8211; Coordination du jour J"},"content":{"rendered":"\t\t<div data-elementor-type=\"wp-page\" data-elementor-id=\"28501\" class=\"elementor elementor-28501\" data-elementor-post-type=\"page\">\n\t\t\t\t<div class=\"elementor-element elementor-element-39447ab e-con-full e-flex e-con e-parent\" data-id=\"39447ab\" data-element_type=\"container\" data-e-type=\"container\" data-settings=\"{&quot;background_background&quot;:&quot;classic&quot;}\">\n\t\t<div class=\"elementor-element elementor-element-5d56c56 e-con-full e-flex e-con e-parent\" data-id=\"5d56c56\" data-element_type=\"container\" data-e-type=\"container\">\n\t\t\t\t<div class=\"elementor-element elementor-element-5349278 elementor-widget elementor-widget-image\" data-id=\"5349278\" data-element_type=\"widget\" data-e-type=\"widget\" data-widget_type=\"image.default\">\n\t\t\t\t<div class=\"elementor-widget-container\">\n\t\t\t\t\t\t\t\t\t\t\t\t\t\t\t<img decoding=\"async\" src=\"https:\/\/madeorganisation.com\/wp-content\/uploads\/elementor\/thumbs\/Photo-Coordination-du-jour-J-choix2-q5kqk679jpr7r9yqrlawqg2ruljo7myatu6yo70oyg.jpg\" title=\"Photo Coordination du jour J-choix2\" alt=\"Photo Coordination du jour J-choix2\" loading=\"lazy\" \/>\t\t\t\t\t\t\t\t\t\t\t\t\t\t\t<\/div>\n\t\t\t\t<\/div>\n\t\t\t\t<\/div>\n\t\t<div class=\"elementor-element elementor-element-428cc90 e-con-full e-flex e-con e-parent\" data-id=\"428cc90\" data-element_type=\"container\" data-e-type=\"container\">\n\t\t\t\t<div class=\"elementor-element elementor-element-843291f elementor-widget elementor-widget-heading\" data-id=\"843291f\" data-element_type=\"widget\" data-e-type=\"widget\" data-widget_type=\"heading.default\">\n\t\t\t\t<div class=\"elementor-widget-container\">\n\t\t\t\t\t<h2 class=\"elementor-heading-title elementor-size-default\">Coordination du jour J<\/h2>\t\t\t\t<\/div>\n\t\t\t\t<\/div>\n\t\t\t\t<div class=\"elementor-element elementor-element-a5156a9 elementor-widget elementor-widget-text-editor\" data-id=\"a5156a9\" data-element_type=\"widget\" data-e-type=\"widget\" data-widget_type=\"text-editor.default\">\n\t\t\t\t<div class=\"elementor-widget-container\">\n\t\t\t\t\t\t\t\t\t<p>Je prends le relais avec vos prestataires quelques semaines avant le jour J pour tout orchestrer et\u00a0vous laisser profiter pleinement de votre mariage le jour J.<\/p>\t\t\t\t\t\t\t\t<\/div>\n\t\t\t\t<\/div>\n\t\t\t\t<\/div>\n\t\t\t\t<\/div>\n\t\t<div class=\"elementor-element elementor-element-29f6c51 e-flex e-con-boxed e-con e-parent\" data-id=\"29f6c51\" data-element_type=\"container\" data-e-type=\"container\">\n\t\t\t\t\t<div class=\"e-con-inner\">\n\t\t<div class=\"elementor-element elementor-element-31603af e-flex e-con-boxed e-con e-parent\" data-id=\"31603af\" data-element_type=\"container\" data-e-type=\"container\">\n\t\t\t\t\t<div class=\"e-con-inner\">\n\t\t<div class=\"elementor-element elementor-element-57512a1 e-con-full e-flex e-con e-parent\" data-id=\"57512a1\" data-element_type=\"container\" data-e-type=\"container\">\n\t\t\t\t<div class=\"elementor-element elementor-element-d524ed4 elementor-widget elementor-widget-heading\" data-id=\"d524ed4\" data-element_type=\"widget\" data-e-type=\"widget\" data-widget_type=\"heading.default\">\n\t\t\t\t<div class=\"elementor-widget-container\">\n\t\t\t\t\t<h3 class=\"elementor-heading-title elementor-size-default\">Toutes les raisons qui vous feront choisir cette formule :<\/h3>\t\t\t\t<\/div>\n\t\t\t\t<\/div>\n\t\t\t\t<\/div>\n\t\t<div class=\"elementor-element elementor-element-f9fa8ec e-con-full e-flex e-con e-parent\" data-id=\"f9fa8ec\" data-element_type=\"container\" data-e-type=\"container\">\n\t\t\t\t<div class=\"elementor-element elementor-element-78f88e3 elementor-widget elementor-widget-text-editor\" data-id=\"78f88e3\" data-element_type=\"widget\" data-e-type=\"widget\" data-widget_type=\"text-editor.default\">\n\t\t\t\t<div class=\"elementor-widget-container\">\n\t\t\t\t\t\t\t\t\t<p>Vous souhaitez tout organiser en amont, trouver vos prestataires et g\u00e9rer les \u00e9changes et les\u00a0n\u00e9gociations avec eux.<br \/>Pour profiter pleinement de votre mariage, vous avez envie de d\u00e9l\u00e9guer le jour J \u00e0 une\u00a0professionnelle qui coordonnera l\u2019ensemble de cette journ\u00e9e.<\/p>\t\t\t\t\t\t\t\t<\/div>\n\t\t\t\t<\/div>\n\t\t\t\t<\/div>\n\t\t\t\t\t<\/div>\n\t\t\t\t<\/div>\n\t\t\t\t\t<\/div>\n\t\t\t\t<\/div>\n\t\t<div class=\"elementor-element elementor-element-715fba1 e-con-full e-flex e-con e-parent\" data-id=\"715fba1\" data-element_type=\"container\" data-e-type=\"container\">\n\t\t<div class=\"elementor-element elementor-element-87c77d6 e-flex e-con-boxed e-con e-parent\" data-id=\"87c77d6\" data-element_type=\"container\" data-e-type=\"container\" data-settings=\"{&quot;background_background&quot;:&quot;classic&quot;}\">\n\t\t\t\t\t<div class=\"e-con-inner\">\n\t\t<div class=\"elementor-element elementor-element-0453115 e-con-full e-flex e-con e-parent\" data-id=\"0453115\" data-element_type=\"container\" data-e-type=\"container\" data-settings=\"{&quot;background_background&quot;:&quot;classic&quot;}\">\n\t\t\t\t<div class=\"elementor-element elementor-element-810707f elementor-widget elementor-widget-spacer\" data-id=\"810707f\" data-element_type=\"widget\" data-e-type=\"widget\" data-widget_type=\"spacer.default\">\n\t\t\t\t<div class=\"elementor-widget-container\">\n\t\t\t\t\t\t\t<div class=\"elementor-spacer\">\n\t\t\t<div class=\"elementor-spacer-inner\"><\/div>\n\t\t<\/div>\n\t\t\t\t\t\t<\/div>\n\t\t\t\t<\/div>\n\t\t\t\t<\/div>\n\t\t<div class=\"elementor-element elementor-element-ce788a7 e-con-full e-flex e-con e-parent\" data-id=\"ce788a7\" data-element_type=\"container\" data-e-type=\"container\">\n\t\t\t\t<div class=\"elementor-element elementor-element-2bc9c36 elementor-drop-cap-yes elementor-drop-cap-view-default elementor-widget elementor-widget-text-editor\" data-id=\"2bc9c36\" data-element_type=\"widget\" data-e-type=\"widget\" data-settings=\"{&quot;drop_cap&quot;:&quot;yes&quot;}\" data-widget_type=\"text-editor.default\">\n\t\t\t\t<div class=\"elementor-widget-container\">\n\t\t\t\t\t\t\t\t\t<p>Nous r\u00e9aliserons un rendez-vous pour faire connaissance et d\u00e9couvrir votre projet.<br \/>Vous recherchez vos prestataires en toute ind\u00e9pendance, sans avoir recours \u00e0 notre carnet\u00a0d\u2019adresses et contacts.<br \/>Je prends le relais avec vos prestataires quelques semaines avant le jour J pour tout orchestrer et\u00a0vous laisser profiter pleinement de votre mariage le jour J.<br \/>Vous \u00e9changez avec vos prestataires durant l\u2019organisation et je prends le relais quelques\u00a0semaines avant le mariage pour valider avec eux tous les d\u00e9tails techniques et le mat\u00e9riel \u00e0pr\u00e9voir.<br \/>Vous aurez acc\u00e8s \u00e0 une interface en ligne personnalis\u00e9e comprenant un r\u00e9troplanning et la\u00a0gestion de votre budget et de vos acomptes.<br \/>Nous r\u00e9alisons ensemble une visite technique de votre lieu de r\u00e9ception avec votre traiteur.<br \/>Un rendez-vous un mois avant le mariage pour penser ensemble \u00e0 tous les derniers d\u00e9tails.<br \/>Je r\u00e9aliserai un planning du jour J que je communiquerai \u00e0 toute l\u2019\u00e9quipe.<br \/>Enfin, je serai pr\u00e9sente pour la coordination de votre jour J pour vous laisser profiter pleinement<br \/>de votre mariage, respecter le timing et g\u00e9rer les \u00e9ventuels impr\u00e9vus.<br \/>Vous pouvez ajouter \u00e0 la coordination du jour J, ma prestation sc\u00e9nographie de votre mariage\u00a0pour imaginer ensemble et cr\u00e9er un mariage unique et authentique \u00e0 votre image.<br \/>N\u2019h\u00e9sitez pas \u00e0 d\u00e9couvrir <strong><a href=\"https:\/\/madeorganisation.com\/wedding-planner-bordeaux-scenographie\/\">notre formule sc\u00e9nographie.<\/a><\/strong><\/p>\t\t\t\t\t\t\t\t<\/div>\n\t\t\t\t<\/div>\n\t\t\t\t<\/div>\n\t\t\t\t\t<\/div>\n\t\t\t\t<\/div>\n\t\t\t\t<\/div>\n\t\t<div class=\"elementor-element elementor-element-72671cd e-flex e-con-boxed e-con e-parent\" data-id=\"72671cd\" data-element_type=\"container\" data-e-type=\"container\">\n\t\t\t\t\t<div class=\"e-con-inner\">\n\t\t<div class=\"elementor-element elementor-element-6d287df e-flex e-con-boxed e-con e-parent\" data-id=\"6d287df\" data-element_type=\"container\" data-e-type=\"container\">\n\t\t\t\t\t<div class=\"e-con-inner\">\n\t\t\t\t<div class=\"elementor-element elementor-element-21834a0 elementor-widget elementor-widget-heading\" data-id=\"21834a0\" data-element_type=\"widget\" data-e-type=\"widget\" data-widget_type=\"heading.default\">\n\t\t\t\t<div class=\"elementor-widget-container\">\n\t\t\t\t\t<h2 class=\"elementor-heading-title elementor-size-default\">Ce qui est inclus dans cette formule d\u2019accompagnement :<\/h2>\t\t\t\t<\/div>\n\t\t\t\t<\/div>\n\t\t\t\t<div class=\"elementor-element elementor-element-2de87fd elementor-widget elementor-widget-toggle\" data-id=\"2de87fd\" data-element_type=\"widget\" data-e-type=\"widget\" data-widget_type=\"toggle.default\">\n\t\t\t\t<div class=\"elementor-widget-container\">\n\t\t\t\t\t\t\t<div class=\"elementor-toggle\">\n\t\t\t\t\t\t\t<div class=\"elementor-toggle-item\">\n\t\t\t\t\t<div id=\"elementor-tab-title-4811\" class=\"elementor-tab-title\" data-tab=\"1\" role=\"button\" aria-controls=\"elementor-tab-content-4811\" aria-expanded=\"false\">\n\t\t\t\t\t\t\t\t\t\t\t\t<span class=\"elementor-toggle-icon elementor-toggle-icon-right\" aria-hidden=\"true\">\n\t\t\t\t\t\t\t\t\t\t\t\t\t\t\t<span class=\"elementor-toggle-icon-closed\"><svg class=\"e-font-icon-svg e-fas-chevron-down\" viewBox=\"0 0 448 512\" xmlns=\"http:\/\/www.w3.org\/2000\/svg\"><path d=\"M207.029 381.476L12.686 187.132c-9.373-9.373-9.373-24.569 0-33.941l22.667-22.667c9.357-9.357 24.522-9.375 33.901-.04L224 284.505l154.745-154.021c9.379-9.335 24.544-9.317 33.901.04l22.667 22.667c9.373 9.373 9.373 24.569 0 33.941L240.971 381.476c-9.373 9.372-24.569 9.372-33.942 0z\"><\/path><\/svg><\/span>\n\t\t\t\t\t\t\t\t<span class=\"elementor-toggle-icon-opened\"><svg class=\"elementor-toggle-icon-opened e-font-icon-svg e-fas-chevron-up\" viewBox=\"0 0 448 512\" xmlns=\"http:\/\/www.w3.org\/2000\/svg\"><path d=\"M240.971 130.524l194.343 194.343c9.373 9.373 9.373 24.569 0 33.941l-22.667 22.667c-9.357 9.357-24.522 9.375-33.901.04L224 227.495 69.255 381.516c-9.379 9.335-24.544 9.317-33.901-.04l-22.667-22.667c-9.373-9.373-9.373-24.569 0-33.941L207.03 130.525c9.372-9.373 24.568-9.373 33.941-.001z\"><\/path><\/svg><\/span>\n\t\t\t\t\t\t\t\t\t\t\t\t\t<\/span>\n\t\t\t\t\t\t\t\t\t\t\t\t<a class=\"elementor-toggle-title\" tabindex=\"0\">1. L\u2019ensemble de nos outils<\/a>\n\t\t\t\t\t<\/div>\n\n\t\t\t\t\t<div id=\"elementor-tab-content-4811\" class=\"elementor-tab-content elementor-clearfix\" data-tab=\"1\" role=\"region\" aria-labelledby=\"elementor-tab-title-4811\"><ul><li>Un cahier des charges pr\u00e9cis<\/li><li>Une interface en ligne s\u00e9curis\u00e9e<\/li><li>Un r\u00e9tro planning personnalis\u00e9<\/li><li>Un budget pr\u00e9visionnel<\/li><li>Un rapport \u00e9crit apr\u00e8s chaque rendez-vous<\/li><li>Un planning du jour J pour vos prestataires<\/li><\/ul><\/div>\n\t\t\t\t<\/div>\n\t\t\t\t\t\t\t<div class=\"elementor-toggle-item\">\n\t\t\t\t\t<div id=\"elementor-tab-title-4812\" class=\"elementor-tab-title\" data-tab=\"2\" role=\"button\" aria-controls=\"elementor-tab-content-4812\" aria-expanded=\"false\">\n\t\t\t\t\t\t\t\t\t\t\t\t<span class=\"elementor-toggle-icon elementor-toggle-icon-right\" aria-hidden=\"true\">\n\t\t\t\t\t\t\t\t\t\t\t\t\t\t\t<span class=\"elementor-toggle-icon-closed\"><svg class=\"e-font-icon-svg e-fas-chevron-down\" viewBox=\"0 0 448 512\" xmlns=\"http:\/\/www.w3.org\/2000\/svg\"><path d=\"M207.029 381.476L12.686 187.132c-9.373-9.373-9.373-24.569 0-33.941l22.667-22.667c9.357-9.357 24.522-9.375 33.901-.04L224 284.505l154.745-154.021c9.379-9.335 24.544-9.317 33.901.04l22.667 22.667c9.373 9.373 9.373 24.569 0 33.941L240.971 381.476c-9.373 9.372-24.569 9.372-33.942 0z\"><\/path><\/svg><\/span>\n\t\t\t\t\t\t\t\t<span class=\"elementor-toggle-icon-opened\"><svg class=\"elementor-toggle-icon-opened e-font-icon-svg e-fas-chevron-up\" viewBox=\"0 0 448 512\" xmlns=\"http:\/\/www.w3.org\/2000\/svg\"><path d=\"M240.971 130.524l194.343 194.343c9.373 9.373 9.373 24.569 0 33.941l-22.667 22.667c-9.357 9.357-24.522 9.375-33.901.04L224 227.495 69.255 381.516c-9.379 9.335-24.544 9.317-33.901-.04l-22.667-22.667c-9.373-9.373-9.373-24.569 0-33.941L207.03 130.525c9.372-9.373 24.568-9.373 33.941-.001z\"><\/path><\/svg><\/span>\n\t\t\t\t\t\t\t\t\t\t\t\t\t<\/span>\n\t\t\t\t\t\t\t\t\t\t\t\t<a class=\"elementor-toggle-title\" tabindex=\"0\">2. Le suivi du projet<\/a>\n\t\t\t\t\t<\/div>\n\n\t\t\t\t\t<div id=\"elementor-tab-content-4812\" class=\"elementor-tab-content elementor-clearfix\" data-tab=\"2\" role=\"region\" aria-labelledby=\"elementor-tab-title-4812\"><ul><li>V\u00e9rification des devis et contrats sign\u00e9s<\/li><li>Ecoute, conseils et accompagnement avec attention et bienveillance tout au long de nos<br \/>\u00e9changes et rendez-vous<\/li><li>Prise de contact avec vos diff\u00e9rents prestataires quelques semaines avant le mariage afin<br \/>d\u2019organiser ensemble tous les d\u00e9tails techniques<\/li><li>Gestion des animations pr\u00e9vues pour votre mariage, contact avec vos t\u00e9moins et vos familles<\/li><li>Rendez-vous un mois avant le Jour J pour r\u00e9gler ensemble l\u2019organisation et la logistique de<br \/>votre mariage<\/li><\/ul><\/div>\n\t\t\t\t<\/div>\n\t\t\t\t\t\t\t<div class=\"elementor-toggle-item\">\n\t\t\t\t\t<div id=\"elementor-tab-title-4813\" class=\"elementor-tab-title\" data-tab=\"3\" role=\"button\" aria-controls=\"elementor-tab-content-4813\" aria-expanded=\"false\">\n\t\t\t\t\t\t\t\t\t\t\t\t<span class=\"elementor-toggle-icon elementor-toggle-icon-right\" aria-hidden=\"true\">\n\t\t\t\t\t\t\t\t\t\t\t\t\t\t\t<span class=\"elementor-toggle-icon-closed\"><svg class=\"e-font-icon-svg e-fas-chevron-down\" viewBox=\"0 0 448 512\" xmlns=\"http:\/\/www.w3.org\/2000\/svg\"><path d=\"M207.029 381.476L12.686 187.132c-9.373-9.373-9.373-24.569 0-33.941l22.667-22.667c9.357-9.357 24.522-9.375 33.901-.04L224 284.505l154.745-154.021c9.379-9.335 24.544-9.317 33.901.04l22.667 22.667c9.373 9.373 9.373 24.569 0 33.941L240.971 381.476c-9.373 9.372-24.569 9.372-33.942 0z\"><\/path><\/svg><\/span>\n\t\t\t\t\t\t\t\t<span class=\"elementor-toggle-icon-opened\"><svg class=\"elementor-toggle-icon-opened e-font-icon-svg e-fas-chevron-up\" viewBox=\"0 0 448 512\" xmlns=\"http:\/\/www.w3.org\/2000\/svg\"><path d=\"M240.971 130.524l194.343 194.343c9.373 9.373 9.373 24.569 0 33.941l-22.667 22.667c-9.357 9.357-24.522 9.375-33.901.04L224 227.495 69.255 381.516c-9.379 9.335-24.544 9.317-33.901-.04l-22.667-22.667c-9.373-9.373-9.373-24.569 0-33.941L207.03 130.525c9.372-9.373 24.568-9.373 33.941-.001z\"><\/path><\/svg><\/span>\n\t\t\t\t\t\t\t\t\t\t\t\t\t<\/span>\n\t\t\t\t\t\t\t\t\t\t\t\t<a class=\"elementor-toggle-title\" tabindex=\"0\">3. Les rendez-vous techniques<\/a>\n\t\t\t\t\t<\/div>\n\n\t\t\t\t\t<div id=\"elementor-tab-content-4813\" class=\"elementor-tab-content elementor-clearfix\" data-tab=\"3\" role=\"region\" aria-labelledby=\"elementor-tab-title-4813\"><ul><li>Rencontre avec votre traiteur<\/li><li>Visite technique de votre lieu de r\u00e9ception<\/li><\/ul><\/div>\n\t\t\t\t<\/div>\n\t\t\t\t\t\t\t<div class=\"elementor-toggle-item\">\n\t\t\t\t\t<div id=\"elementor-tab-title-4814\" class=\"elementor-tab-title\" data-tab=\"4\" role=\"button\" aria-controls=\"elementor-tab-content-4814\" aria-expanded=\"false\">\n\t\t\t\t\t\t\t\t\t\t\t\t<span class=\"elementor-toggle-icon elementor-toggle-icon-right\" aria-hidden=\"true\">\n\t\t\t\t\t\t\t\t\t\t\t\t\t\t\t<span class=\"elementor-toggle-icon-closed\"><svg class=\"e-font-icon-svg e-fas-chevron-down\" viewBox=\"0 0 448 512\" xmlns=\"http:\/\/www.w3.org\/2000\/svg\"><path d=\"M207.029 381.476L12.686 187.132c-9.373-9.373-9.373-24.569 0-33.941l22.667-22.667c9.357-9.357 24.522-9.375 33.901-.04L224 284.505l154.745-154.021c9.379-9.335 24.544-9.317 33.901.04l22.667 22.667c9.373 9.373 9.373 24.569 0 33.941L240.971 381.476c-9.373 9.372-24.569 9.372-33.942 0z\"><\/path><\/svg><\/span>\n\t\t\t\t\t\t\t\t<span class=\"elementor-toggle-icon-opened\"><svg class=\"elementor-toggle-icon-opened e-font-icon-svg e-fas-chevron-up\" viewBox=\"0 0 448 512\" xmlns=\"http:\/\/www.w3.org\/2000\/svg\"><path d=\"M240.971 130.524l194.343 194.343c9.373 9.373 9.373 24.569 0 33.941l-22.667 22.667c-9.357 9.357-24.522 9.375-33.901.04L224 227.495 69.255 381.516c-9.379 9.335-24.544 9.317-33.901-.04l-22.667-22.667c-9.373-9.373-9.373-24.569 0-33.941L207.03 130.525c9.372-9.373 24.568-9.373 33.941-.001z\"><\/path><\/svg><\/span>\n\t\t\t\t\t\t\t\t\t\t\t\t\t<\/span>\n\t\t\t\t\t\t\t\t\t\t\t\t<a class=\"elementor-toggle-title\" tabindex=\"0\">4. La coordination de votre jour J<\/a>\n\t\t\t\t\t<\/div>\n\n\t\t\t\t\t<div id=\"elementor-tab-content-4814\" class=\"elementor-tab-content elementor-clearfix\" data-tab=\"4\" role=\"region\" aria-labelledby=\"elementor-tab-title-4814\"><ul><li>Pr\u00e9sence de votre wedding planner des pr\u00e9paratifs \u00e0 l\u2019ouverture de bal<\/li><li>Accueil et briefing de vos prestataires<\/li><li>Gestion des \u00e9ventuels impr\u00e9vus<\/li><li>Respect du timing, des moments \u00ab cl\u00e9s \u00bb et des surprises de vos proches<\/li><li>Mise en place de votre d\u00e9coration <em>(si validation de l\u2019option sc\u00e9nographie)<\/em><\/li><\/ul><\/div>\n\t\t\t\t<\/div>\n\t\t\t\t\t\t\t\t\t\t<script type=\"application\/ld+json\">{\"@context\":\"https:\\\/\\\/schema.org\",\"@type\":\"FAQPage\",\"mainEntity\":[{\"@type\":\"Question\",\"name\":\"1. L\\u2019ensemble de nos outils\",\"acceptedAnswer\":{\"@type\":\"Answer\",\"text\":\"<ul><li>Un cahier des charges pr\\u00e9cis<\\\/li><li>Une interface en ligne s\\u00e9curis\\u00e9e<\\\/li><li>Un r\\u00e9tro planning personnalis\\u00e9<\\\/li><li>Un budget pr\\u00e9visionnel<\\\/li><li>Un rapport \\u00e9crit apr\\u00e8s chaque rendez-vous<\\\/li><li>Un planning du jour J pour vos prestataires<\\\/li><\\\/ul>\"}},{\"@type\":\"Question\",\"name\":\"2. Le suivi du projet\",\"acceptedAnswer\":{\"@type\":\"Answer\",\"text\":\"<ul><li>V\\u00e9rification des devis et contrats sign\\u00e9s<\\\/li><li>Ecoute, conseils et accompagnement avec attention et bienveillance tout au long de nos<br \\\/>\\u00e9changes et rendez-vous<\\\/li><li>Prise de contact avec vos diff\\u00e9rents prestataires quelques semaines avant le mariage afin<br \\\/>d\\u2019organiser ensemble tous les d\\u00e9tails techniques<\\\/li><li>Gestion des animations pr\\u00e9vues pour votre mariage, contact avec vos t\\u00e9moins et vos familles<\\\/li><li>Rendez-vous un mois avant le Jour J pour r\\u00e9gler ensemble l\\u2019organisation et la logistique de<br \\\/>votre mariage<\\\/li><\\\/ul>\"}},{\"@type\":\"Question\",\"name\":\"3. Les rendez-vous techniques\",\"acceptedAnswer\":{\"@type\":\"Answer\",\"text\":\"<ul><li>Rencontre avec votre traiteur<\\\/li><li>Visite technique de votre lieu de r\\u00e9ception<\\\/li><\\\/ul>\"}},{\"@type\":\"Question\",\"name\":\"4. La coordination de votre jour J\",\"acceptedAnswer\":{\"@type\":\"Answer\",\"text\":\"<ul><li>Pr\\u00e9sence de votre wedding planner des pr\\u00e9paratifs \\u00e0 l\\u2019ouverture de bal<\\\/li><li>Accueil et briefing de vos prestataires<\\\/li><li>Gestion des \\u00e9ventuels impr\\u00e9vus<\\\/li><li>Respect du timing, des moments \\u00ab cl\\u00e9s \\u00bb et des surprises de vos proches<\\\/li><li>Mise en place de votre d\\u00e9coration <em>(si validation de l\\u2019option sc\\u00e9nographie)<\\\/em><\\\/li><\\\/ul>\"}}]}<\/script>\n\t\t\t\t\t<\/div>\n\t\t\t\t\t\t<\/div>\n\t\t\t\t<\/div>\n\t\t\t\t\t<\/div>\n\t\t\t\t<\/div>\n\t\t\t\t\t<\/div>\n\t\t\t\t<\/div>\n\t\t<div class=\"elementor-element elementor-element-e27f016 e-con-full e-flex e-con e-parent\" data-id=\"e27f016\" data-element_type=\"container\" data-e-type=\"container\">\n\t\t<div class=\"elementor-element elementor-element-3497a43 e-flex e-con-boxed e-con e-parent\" data-id=\"3497a43\" data-element_type=\"container\" data-e-type=\"container\" data-settings=\"{&quot;background_background&quot;:&quot;classic&quot;}\">\n\t\t\t\t\t<div class=\"e-con-inner\">\n\t\t\t\t<div class=\"elementor-element elementor-element-c94ea1d elementor-align-center elementor-widget elementor-widget-button\" data-id=\"c94ea1d\" data-element_type=\"widget\" data-e-type=\"widget\" data-widget_type=\"button.default\">\n\t\t\t\t<div class=\"elementor-widget-container\">\n\t\t\t\t\t\t\t\t\t<div class=\"elementor-button-wrapper\">\n\t\t\t\t\t<a class=\"elementor-button elementor-button-link elementor-size-lg elementor-animation-grow\" href=\"https:\/\/madeorganisation.com\/contact-wedding-planner\/\">\n\t\t\t\t\t\t<span class=\"elementor-button-content-wrapper\">\n\t\t\t\t\t\t\t\t\t<span class=\"elementor-button-text\">Cette formule vous int\u00e9resse ? Contactez-nous<\/span>\n\t\t\t\t\t<\/span>\n\t\t\t\t\t<\/a>\n\t\t\t\t<\/div>\n\t\t\t\t\t\t\t\t<\/div>\n\t\t\t\t<\/div>\n\t\t\t\t\t<\/div>\n\t\t\t\t<\/div>\n\t\t\t\t<\/div>\n\t\t\t\t<\/div>\n\t\t<p><a href=\"\/\/www.pinterest.com\/pin\/create\/button\/\" data-pin-do=\"buttonBookmark\" data-pin-color=\"red\" data-pin-height=\"128\"><img decoding=\"async\" src=\"\/\/assets.pinterest.com\/images\/pidgets\/pinit_fg_en_rect_red_28.png\" \/><\/a><\/p>","protected":false},"excerpt":{"rendered":"<p>Coordination du jour J Je prends le relais avec vos prestataires quelques semaines avant le jour J pour tout orchestrer et\u00a0vous laisser profiter pleinement de votre mariage le jour J. Toutes les raisons qui vous feront choisir cette formule : Vous souhaitez tout organiser en amont, trouver vos prestataires et g\u00e9rer les \u00e9changes et les\u00a0n\u00e9gociations [&hellip;]<\/p>\n","protected":false},"author":1,"featured_media":0,"parent":0,"menu_order":0,"comment_status":"closed","ping_status":"closed","template":"","meta":{"footnotes":""},"class_list":["post-28501","page","type-page","status-publish","hentry"],"_links":{"self":[{"href":"https:\/\/madeorganisation.com\/en\/wp-json\/wp\/v2\/pages\/28501","targetHints":{"allow":["GET"]}}],"collection":[{"href":"https:\/\/madeorganisation.com\/en\/wp-json\/wp\/v2\/pages"}],"about":[{"href":"https:\/\/madeorganisation.com\/en\/wp-json\/wp\/v2\/types\/page"}],"author":[{"embeddable":true,"href":"https:\/\/madeorganisation.com\/en\/wp-json\/wp\/v2\/users\/1"}],"replies":[{"embeddable":true,"href":"https:\/\/madeorganisation.com\/en\/wp-json\/wp\/v2\/comments?post=28501"}],"version-history":[{"count":28,"href":"https:\/\/madeorganisation.com\/en\/wp-json\/wp\/v2\/pages\/28501\/revisions"}],"predecessor-version":[{"id":29514,"href":"https:\/\/madeorganisation.com\/en\/wp-json\/wp\/v2\/pages\/28501\/revisions\/29514"}],"wp:attachment":[{"href":"https:\/\/madeorganisation.com\/en\/wp-json\/wp\/v2\/media?parent=28501"}],"curies":[{"name":"wp","href":"https:\/\/api.w.org\/{rel}","templated":true}]}}