{"id":28484,"date":"2023-04-26T11:47:38","date_gmt":"2023-04-26T09:47:38","guid":{"rendered":"https:\/\/madeorganisation.com\/?page_id=28484"},"modified":"2026-04-15T13:43:04","modified_gmt":"2026-04-15T11:43:04","slug":"wedding-planner-bordeaux-organisation-complete","status":"publish","type":"page","link":"https:\/\/madeorganisation.com\/en\/wedding-planner-bordeaux-organisation-complete\/","title":{"rendered":"Wedding Planner Bordeaux - Complete organization"},"content":{"rendered":"<div data-elementor-type=\"wp-page\" data-elementor-id=\"28484\" class=\"elementor elementor-28484\" data-elementor-post-type=\"page\">\n\t\t\t\t<div class=\"elementor-element elementor-element-9db536a e-flex e-con-boxed e-con e-parent\" data-id=\"9db536a\" data-element_type=\"container\" data-e-type=\"container\" data-settings=\"{&quot;background_background&quot;:&quot;classic&quot;}\">\n\t\t\t\t\t<div class=\"e-con-inner\">\n\t\t\t\t<div class=\"elementor-element elementor-element-4bc416d elementor-widget elementor-widget-heading\" data-id=\"4bc416d\" data-element_type=\"widget\" data-e-type=\"widget\" data-widget_type=\"heading.default\">\n\t\t\t\t<div class=\"elementor-widget-container\">\n\t\t\t\t\t<h1 class=\"elementor-heading-title elementor-size-default\">Planning<\/h1>\t\t\t\t<\/div>\n\t\t\t\t<\/div>\n\t\t\t\t<div class=\"elementor-element elementor-element-ffc9447 elementor-widget__width-initial elementor-widget-tablet__width-inherit elementor-widget-mobile__width-inherit elementor-widget elementor-widget-text-editor\" data-id=\"ffc9447\" data-element_type=\"widget\" data-e-type=\"widget\" data-widget_type=\"text-editor.default\">\n\t\t\t\t<div class=\"elementor-widget-container\">\n\t\t\t\t\t\t\t\t\t<p><strong>Organization is the structure that allows every detail to come to life. <\/strong><strong>Through MADE, I'll guide you through every step of the preparation to transform your vision into a perfectly orchestrated event.<\/strong><\/p><p><br style=\"font-weight: 400;\" \/><br style=\"font-weight: 400;\" \/><\/p>\t\t\t\t\t\t\t\t<\/div>\n\t\t\t\t<\/div>\n\t\t\t\t\t<\/div>\n\t\t\t\t<\/div>\n\t\t<div class=\"elementor-element elementor-element-482d806 e-flex e-con-boxed e-con e-parent\" data-id=\"482d806\" data-element_type=\"container\" data-e-type=\"container\">\n\t\t\t\t\t<div class=\"e-con-inner\">\n\t\t\t\t<div class=\"elementor-element elementor-element-27ce9bd elementor-widget elementor-widget-heading\" data-id=\"27ce9bd\" data-element_type=\"widget\" data-e-type=\"widget\" data-widget_type=\"heading.default\">\n\t\t\t\t<div class=\"elementor-widget-container\">\n\t\t\t\t\t<h2 class=\"elementor-heading-title elementor-size-default\">Our role<\/h2>\t\t\t\t<\/div>\n\t\t\t\t<\/div>\n\t\t\t\t<div class=\"elementor-element elementor-element-7cae451 elementor-widget elementor-widget-text-editor\" data-id=\"7cae451\" data-element_type=\"widget\" data-e-type=\"widget\" data-widget_type=\"text-editor.default\">\n\t\t\t\t<div class=\"elementor-widget-container\">\n\t\t\t\t\t\t\t\t\t<p><span style=\"font-weight: 400;\">My role is to guide you through the preparation, offering advice, expertise, and organization. <\/span><span style=\"font-weight: 400;\">From selecting vendors to coordinating the big day, I ensure that each step unfolds smoothly so you can experience it with peace of mind.<\/span><\/p>\t\t\t\t\t\t\t\t<\/div>\n\t\t\t\t<\/div>\n\t\t\t\t\t<\/div>\n\t\t\t\t<\/div>\n\t\t<div class=\"elementor-element elementor-element-eefe0ab e-flex e-con-boxed e-con e-parent\" data-id=\"eefe0ab\" data-element_type=\"container\" data-e-type=\"container\">\n\t\t\t\t\t<div class=\"e-con-inner\">\n\t\t<div class=\"elementor-element elementor-element-a538614 e-con-full e-flex e-con e-child\" data-id=\"a538614\" data-element_type=\"container\" data-e-type=\"container\">\n\t\t\t\t<div class=\"elementor-element elementor-element-938cdad elementor-widget elementor-widget-heading\" data-id=\"938cdad\" data-element_type=\"widget\" data-e-type=\"widget\" data-widget_type=\"heading.default\">\n\t\t\t\t<div class=\"elementor-widget-container\">\n\t\t\t\t\t<h2 class=\"elementor-heading-title elementor-size-default\">What the schedule includes<\/h2>\t\t\t\t<\/div>\n\t\t\t\t<\/div>\n\t\t\t\t<div class=\"elementor-element elementor-element-9088074 elementor-widget-tablet__width-inherit elementor-widget-mobile__width-inherit elementor-widget elementor-widget-text-editor\" data-id=\"9088074\" data-element_type=\"widget\" data-e-type=\"widget\" data-widget_type=\"text-editor.default\">\n\t\t\t\t<div class=\"elementor-widget-container\">\n\t\t\t\t\t\t\t\t\t<ul><li><span style=\"font-weight: 400;\"> support throughout the preparation<\/span><\/li><li><span style=\"font-weight: 400;\"> Vendor Search and Selection<\/span><\/li><li><span style=\"font-weight: 400;\"> Preparation schedule management<\/span><\/li><li><span style=\"font-weight: 400;\"> Budget tracking and management<\/span><\/li><li><span style=\"font-weight: 400;\"> coordination of the different stakeholders<\/span><\/li><li><span style=\"font-weight: 400;\"> Organization and orchestration of Day X<\/span><\/li><li><span style=\"font-weight: 400;\"> Presence and coordination on the day of the event<\/span><\/li><\/ul><p>\u00a0<\/p>\t\t\t\t\t\t\t\t<\/div>\n\t\t\t\t<\/div>\n\t\t\t\t<div class=\"elementor-element elementor-element-b027783 elementor-widget elementor-widget-heading\" data-id=\"b027783\" data-element_type=\"widget\" data-e-type=\"widget\" data-widget_type=\"heading.default\">\n\t\t\t\t<div class=\"elementor-widget-container\">\n\t\t\t\t\t<h2 class=\"elementor-heading-title elementor-size-default\">Who is this service for?<\/h2>\t\t\t\t<\/div>\n\t\t\t\t<\/div>\n\t\t\t\t<div class=\"elementor-element elementor-element-d6709db elementor-widget-tablet__width-inherit elementor-widget-mobile__width-inherit elementor-widget elementor-widget-text-editor\" data-id=\"d6709db\" data-element_type=\"widget\" data-e-type=\"widget\" data-widget_type=\"text-editor.default\">\n\t\t\t\t<div class=\"elementor-widget-container\">\n\t\t\t\t\t\t\t\t\t<p><span style=\"font-weight: 400;\">This support is for couples who want to be guided throughout their preparation and experience their wedding with complete peace of mind.<\/span><\/p><p><span style=\"font-weight: 400;\">To preserve a coherent aesthetic vision and a perfectly mastered organization, MADE exclusively offers comprehensive support combining wedding design and organization.<\/span><\/p>\t\t\t\t\t\t\t\t<\/div>\n\t\t\t\t<\/div>\n\t\t\t\t<\/div>\n\t\t<div class=\"elementor-element elementor-element-cf448b8 e-con-full e-flex e-con e-child\" data-id=\"cf448b8\" data-element_type=\"container\" data-e-type=\"container\">\n\t\t\t\t<div class=\"elementor-element elementor-element-e0963a5 elementor-widget elementor-widget-image\" data-id=\"e0963a5\" data-element_type=\"widget\" data-e-type=\"widget\" data-widget_type=\"image.default\">\n\t\t\t\t<div class=\"elementor-widget-container\">\n\t\t\t\t\t\t\t\t\t\t\t\t\t\t\t<img decoding=\"async\" src=\"https:\/\/madeorganisation.com\/wp-content\/uploads\/elementor\/thumbs\/SI_amore-a-colori_made-organisation-x-cleya-asulon-4640-rlsw2rj4c34rd92avovu6mgcej5zhvy40jhbf00li8.jpeg\" title=\"Yes \u2013 Love in color\" alt=\"SI - Amore a colori\" loading=\"lazy\" \/>\t\t\t\t\t\t\t\t\t\t\t\t\t\t\t<\/div>\n\t\t\t\t<\/div>\n\t\t\t\t<\/div>\n\t\t\t\t\t<\/div>\n\t\t\t\t<\/div>\n\t\t<div class=\"elementor-element elementor-element-275e796 e-flex e-con-boxed e-con e-parent\" data-id=\"275e796\" data-element_type=\"container\" data-e-type=\"container\">\n\t\t\t\t\t<div class=\"e-con-inner\">\n\t\t\t\t<div class=\"elementor-element elementor-element-eb7ff52 elementor-widget elementor-widget-text-editor\" data-id=\"eb7ff52\" data-element_type=\"widget\" data-e-type=\"widget\" data-widget_type=\"text-editor.default\">\n\t\t\t\t<div class=\"elementor-widget-container\">\n\t\t\t\t\t\t\t\t\t<p><span style=\"font-weight: 400;\">My goal is to create a fluid and perfectly orchestrated organization so that you can fully enjoy every moment.<\/span><\/p>\t\t\t\t\t\t\t\t<\/div>\n\t\t\t\t<\/div>\n\t\t\t\t\t<\/div>\n\t\t\t\t<\/div>\n\t\t<div class=\"elementor-element elementor-element-dfa96ee e-con-full e-flex e-con e-parent\" data-id=\"dfa96ee\" data-element_type=\"container\" data-e-type=\"container\" data-settings=\"{&quot;background_background&quot;:&quot;classic&quot;}\">\n\t\t\t\t<div class=\"elementor-element elementor-element-79964c0 elementor-cta--skin-cover elementor-cta--valign-middle elementor-animated-content elementor-bg-transform elementor-bg-transform-zoom-in elementor-widget elementor-widget-call-to-action\" data-id=\"79964c0\" data-element_type=\"widget\" data-e-type=\"widget\" data-widget_type=\"call-to-action.default\">\n\t\t\t\t<div class=\"elementor-widget-container\">\n\t\t\t\t\t\t\t<a class=\"elementor-cta\" href=\"https:\/\/madeorganisation.com\/en\/contact-wedding-planner\/\">\n\t\t\t\t\t<div class=\"elementor-cta__bg-wrapper\">\n\t\t\t\t<div class=\"elementor-cta__bg elementor-bg\" style=\"background-image: url(https:\/\/madeorganisation.com\/wp-content\/uploads\/2026\/04\/mariage-manon-alexandre-02082025-blondieconfettis-398.jpeg);\" role=\"img\" aria-label=\"marriage-manon-alexandre-02082025-blondieconfettis-398\"><\/div>\n\t\t\t\t<div class=\"elementor-cta__bg-overlay\"><\/div>\n\t\t\t<\/div>\n\t\t\t\t\t\t\t<div class=\"elementor-cta__content\">\n\t\t\t\t\n\t\t\t\t\t\t\t\t\t<h2 class=\"elementor-cta__title elementor-cta__content-item elementor-content-item elementor-animated-item--grow\">\n\t\t\t\t\t\tLet's imagine your wedding!\t\t\t\t\t<\/h2>\n\t\t\t\t\n\t\t\t\t\t\t\t\t\t<div class=\"elementor-cta__description elementor-cta__content-item elementor-content-item elementor-animated-item--grow\">\n\t\t\t\t\t\tIf you wish to imagine an elegant and bespoke wedding, I would be delighted to discuss your project with you.\n\t\t\t\t\t<\/div>\n\t\t\t\t\n\t\t\t\t\t\t\t\t\t<div class=\"elementor-cta__button-wrapper elementor-cta__content-item elementor-content-item elementor-animated-item--grow\">\n\t\t\t\t\t<span class=\"elementor-cta__button elementor-button elementor-size-\">\n\t\t\t\t\t\tTell me your story\t\t\t\t\t<\/span>\n\t\t\t\t\t<\/div>\n\t\t\t\t\t\t\t<\/div>\n\t\t\t\t\t\t<\/a>\n\t\t\t\t\t\t<\/div>\n\t\t\t\t<\/div>\n\t\t\t\t<\/div>\n\t\t\t\t<\/div>\n\t\t<p><a href=\"\/\/www.pinterest.com\/pin\/create\/button\/\" data-pin-do=\"buttonBookmark\" data-pin-color=\"red\" data-pin-height=\"128\"><img decoding=\"async\" src=\"\/\/assets.pinterest.com\/images\/pidgets\/pinit_fg_en_rect_red_28.png\" \/><\/a><\/p>","protected":false},"excerpt":{"rendered":"<p>Planning L\u2019organisation est la structure qui permet \u00e0 chaque d\u00e9tail de prendre vie. \u00c0 travers MADE, je vous accompagne dans chaque \u00e9tape de la pr\u00e9paration afin de transformer votre vision en un \u00e9v\u00e9nement parfaitement orchestr\u00e9. Notre r\u00f4le Mon r\u00f4le est de vous guider tout au long de la pr\u00e9paration, en vous apportant conseils, expertise et [&hellip;]<\/p>\n","protected":false},"author":1,"featured_media":0,"parent":0,"menu_order":0,"comment_status":"closed","ping_status":"closed","template":"","meta":{"footnotes":""},"class_list":["post-28484","page","type-page","status-publish","hentry"],"_links":{"self":[{"href":"https:\/\/madeorganisation.com\/en\/wp-json\/wp\/v2\/pages\/28484","targetHints":{"allow":["GET"]}}],"collection":[{"href":"https:\/\/madeorganisation.com\/en\/wp-json\/wp\/v2\/pages"}],"about":[{"href":"https:\/\/madeorganisation.com\/en\/wp-json\/wp\/v2\/types\/page"}],"author":[{"embeddable":true,"href":"https:\/\/madeorganisation.com\/en\/wp-json\/wp\/v2\/users\/1"}],"replies":[{"embeddable":true,"href":"https:\/\/madeorganisation.com\/en\/wp-json\/wp\/v2\/comments?post=28484"}],"version-history":[{"count":40,"href":"https:\/\/madeorganisation.com\/en\/wp-json\/wp\/v2\/pages\/28484\/revisions"}],"predecessor-version":[{"id":30803,"href":"https:\/\/madeorganisation.com\/en\/wp-json\/wp\/v2\/pages\/28484\/revisions\/30803"}],"wp:attachment":[{"href":"https:\/\/madeorganisation.com\/en\/wp-json\/wp\/v2\/media?parent=28484"}],"curies":[{"name":"wp","href":"https:\/\/api.w.org\/{rel}","templated":true}]}}